
{"id":1645,"date":"2022-08-06T12:18:27","date_gmt":"2022-08-06T12:18:27","guid":{"rendered":"https:\/\/www.intelka.net\/?page_id=1645"},"modified":"2023-08-01T19:57:00","modified_gmt":"2023-08-01T18:57:00","slug":"cookies-policy","status":"publish","type":"page","link":"https:\/\/www.intelka.net\/pl\/cookies-policy\/","title":{"rendered":"Polityka Cookies"},"content":{"rendered":"<p class=\"eplus-wrapper\" id=\"tw-target-text\">Nasza strona i sklep internetowy realizuje funkcje pozyskiwania informacji o klientach, u\u017cytkownikach i ich zachowaniach poprzez zapisywanie w urz\u0105dzeniach ko\u0144cowych plik\u00f3w cookies (tzw. \u201eciasteczka\u201d);<\/p>\n\n\n\n<h2 class=\"wp-block-heading eplus-wrapper has-small-font-size\">1. CO TO S\u0104 PLIKI COOKIE?<\/h2>\n\n\n\n<p class=\"eplus-wrapper\" id=\"tw-target-text\">\u201eCookies\u201d to niewielkie pliki zawieraj\u0105ce dane informatyczne, kt\u00f3re przechowywane s\u0105 w urz\u0105dzeniu ko\u0144cowym (np. komputerze) podczas wizyty na stronie internetowej. Pliki cookies wykorzystywane s\u0105 najcz\u0119\u015bciej w celu optymalizacji korzystania ze stron internetowych oraz zapewnienia prawid\u0142owego dzia\u0142ania naszej strony internetowej.<\/p>\n\n\n\n<h2 class=\"wp-block-heading eplus-wrapper has-small-font-size\">2. OG\u00d3LNE ZASADY POLITYKI PLIK\u00d3W COOKIES<\/h2>\n\n\n\n<p class=\"eplus-wrapper\" id=\"tw-target-text\">2.1. Sklep internetowy stosuje pliki cookies wy\u0142\u0105cznie po wyra\u017ceniu przez Klienta\/U\u017cytkownika Sklepu uprzedniej zgody w tym zakresie. Wyra\u017cenie zgody na wykorzystywanie przez Sklep Internetowy wszystkich plik\u00f3w cookies <strong>nast\u0119puje poprzez klikni\u0119cie przycisku: \u201eAkceptuj\u201d w momencie wy\u015bwietlenia komunikatu o stosowaniu przez Sklep Internetowy plik\u00f3w cookies lub poprzez zamkni\u0119cie tego komunikatu.<\/strong><br><br>2.2. Je\u017celi Klient\/U\u017cytkownik Sklepu Internetowego nie wyra\u017ca zgody na wykorzystywanie przez Sklep Internetowy plik\u00f3w cookies, <strong>mo\u017ce skorzysta\u0107 z opcji: \u201eNie wyra\u017cam zgody\u201d, dost\u0119pnej r\u00f3wnie\u017c w komunikacie o stosowaniu przez Sklep Internetowy plik\u00f3w cookies<\/strong> lub dokona\u0107 zmiany ustawie\u0144 przegl\u0105darki internetowej, z kt\u00f3rej aktualnie korzysta. Zmiany zasad korzystania z plik\u00f3w cookies za pomoc\u0105 ustawie\u0144 przegl\u0105darki internetowej mo\u017cna dokona\u0107 w ka\u017cdym czasie.<br><br>2.3. Ograniczenia stosowania plik\u00f3w cookies mog\u0105 wp\u0142yn\u0105\u0107 na niekt\u00f3re funkcjonalno\u015bci dost\u0119pne na stronach Sklepu Internetowego b\u0105d\u017a spowodowa\u0107 ca\u0142kowite nieprawid\u0142owe dzia\u0142anie serwisu.<br><br>2.4. Podstaw\u0105 prawn\u0105 przetwarzania danych osobowych z plik\u00f3w cookies s\u0105 prawnie uzasadnione interesy Administratora Danych, polegaj\u0105ce na \u015bwiadczeniu us\u0142ug wysokiej jako\u015bci, zapewnienie bezpiecze\u0144stwa us\u0142ug.<br><br>2.5. W Sklepie Internetowym stosowane s\u0105 dwa zasadnicze rodzaje plik\u00f3w cookies:<\/p>\n\n\n\n<ul class=\"eplus-wrapper wp-block-list\">\n<li>Tymczasowe pliki cookie<\/li>\n<\/ul>\n\n\n\n<p class=\"eplus-wrapper\" id=\"tw-target-text\">Tymczasowe pliki cookies s\u0105 plikami tymczasowymi, kt\u00f3re przechowywane s\u0105 w urz\u0105dzeniu ko\u0144cowym U\u017cytkownika do czasu wylogowania, opuszczenia Sklepu Internetowego lub wy\u0142\u0105czenia oprogramowania (przegl\u0105darki internetowej). Zapisane informacje s\u0105 w\u00f3wczas trwale usuwane z pami\u0119ci urz\u0105dzenia. Mechanizm cookies sesyjnych nie pozwala na pobieranie jakichkolwiek danych osobowych ani \u017cadnych informacji poufnych z Twojego urz\u0105dzenia.<\/p>\n\n\n\n<ul class=\"eplus-wrapper wp-block-list\">\n<li>Trwa\u0142e pliki cookie<\/li>\n<\/ul>\n\n\n\n<p class=\"eplus-wrapper\" id=\"tw-target-text\">Trwa\u0142e pliki cookies przechowywane s\u0105 w urz\u0105dzeniu ko\u0144cowym Klienta\/U\u017cytkownika przez czas okre\u015blony w parametrach plik\u00f3w cookies lub do czasu ich usuni\u0119cia przez Klienta\/U\u017cytkownika. Zako\u0144czenie sesji danej przegl\u0105darki lub wy\u0142\u0105czenie urz\u0105dzenia nie powoduje ich usuni\u0119cia z tego urz\u0105dzenia. Mechanizm cookies trwa\u0142ych nie pozwala na pobieranie jakichkolwiek danych osobowych ani \u017cadnych informacji poufnych z Twojego urz\u0105dzenia.<br><br>2.6. U\u017cywamy zar\u00f3wno naszych plik\u00f3w cookie, jak i plik\u00f3w cookie stron trzecich do zbierania statystyk i danych o Tobie i innych u\u017cytkownikach w zbiorczej i indywidualnej formie. Korzystamy z narz\u0119dzi analitycznych, dzi\u0119ki kt\u00f3rym mo\u017cemy optymalizowa\u0107 nasz\u0105 stron\u0119 internetow\u0105 i przedstawia\u0107 interesuj\u0105c\u0105 Ci\u0119 ofert\u0119.<br><br>U\u017cywamy r\u00f3wnie\u017c plik\u00f3w cookie stron trzecich, kt\u00f3re monitoruj\u0105 korzystanie z innych witryn internetowych. Dzi\u0119ki temu mo\u017cemy udost\u0119pnia\u0107 nasze materia\u0142y marketingowe na innych stronach internetowych oraz w r\u00f3\u017cnych kana\u0142ach komunikacji.<br><br>2.7. Pliki cookies zamieszczane w urz\u0105dzeniu ko\u0144cowym Klienta\/U\u017cytkownika wykorzystywane mog\u0105 by\u0107 r\u00f3wnie\u017c przez wsp\u00f3\u0142pracuj\u0105cych z serwisem reklamodawc\u00f3w oraz partner\u00f3w Sklepu Internetowego.<br><br>2.8. W celu prawid\u0142owej realizacji Umowy Sprzeda\u017cy na odleg\u0142o\u015b\u0107 Administrator Danych mo\u017ce udost\u0119pnia\u0107 dane Klient\u00f3w\/U\u017cytkownik\u00f3w podmiotom kurierskim oraz systemom p\u0142atno\u015bci internetowych.<br><br>2.9. Pliki cookies mog\u0105 by\u0107 wykorzystane przez sie\u0107 Google do wy\u015bwietlenia reklam dopasowanych do sposobu, w jaki Klient\/U\u017cytkownik korzysta ze Sklepu Internetowego. W tym celu mog\u0105 zachowa\u0107 informacj\u0119 o \u015bcie\u017cce nawigacji u\u017cytkownika lub czasie pozostawania na danej stronie: https:\/\/policies.google.com\/technologies\/partner-sites. <br><br>2.10. Na stronie Sklepu Internetowego znajduj\u0105 si\u0119 wtyczki, kt\u00f3re mog\u0105 przekazywa\u0107 dane Klient\u00f3w\/U\u017cytkownik\u00f3w Administratorom takim jak: Facebook, Google, Instagram, LinkedIn, YouTube.<\/p>\n\n\n\n<h2 class=\"wp-block-heading eplus-wrapper has-small-font-size\">3. CELE WYKORZYSTANIA PLIK\u00d3W COOKIES<\/h2>\n\n\n\n<p class=\"eplus-wrapper\">Poni\u017cej opisane zosta\u0142y funkcje mo\u017cliwe podczas korzystania z plik\u00f3w cookies w podziale na kategorie: <\/p>\n\n\n\n<p class=\"eplus-wrapper\">3.1. Funkcjonalne pliki cookie<\/p>\n\n\n\n<ul class=\"eplus-wrapper wp-block-list\">\n<li>zapami\u0119tywanie produkt\u00f3w, kt\u00f3re umie\u015bci\u0142e\u015b w swoim elektronicznym koszyku lub zapisanych na li\u015bcie \u017cycze\u0144, <\/li>\n\n\n\n<li>zapami\u0119tywanie danych, kt\u00f3re poda\u0142e\u015b przy wychodzeniu z kasy elektronicznej lub przy sk\u0142adaniu zam\u00f3wienia, aby\u015b nie musia\u0142 ich ponownie wprowadza\u0107, <\/li>\n\n\n\n<li>zapami\u0119tywanie ustawie\u0144 takich jak j\u0119zyk, lokalizacja, liczba wynik\u00f3w wyszukiwania itp., <\/li>\n\n\n\n<li>zapami\u0119tywanie ustawie\u0144 dla optymalnego wy\u015bwietlania na ekranie Twojego urz\u0105dzenia, np. \u017c\u0105dany rozmiar bufora i dane dotycz\u0105ce rozdzielczo\u015bci ekranu, <\/li>\n\n\n\n<li>zapami\u0119tywanie ustawie\u0144 Twojej przegl\u0105darki, aby nasza strona internetowa wy\u015bwietla\u0142a si\u0119 optymalnie, <\/li>\n\n\n\n<li>rejestrowanie nadu\u017cy\u0107 w naszych serwisach i us\u0142ugach, m.in. rejestrowanie wielokrotnych kolejnych lub nieudanych pr\u00f3b rejestracji,<\/li>\n\n\n\n<li>pe\u0142ne za\u0142adowanie strony, aby pozosta\u0142a dost\u0119pna, <\/li>\n\n\n\n<li>zapami\u0119tywanie Twoich danych logowania, dzi\u0119ki czemu nie musisz ich ka\u017cdorazowo wpisywa\u0107 ponownie i utrzymywania Ci\u0119 zalogowanego w sklepie internetowym, <\/li>\n\n\n\n<li>weryfikujemy po\u0142\u0105czenie mi\u0119dzy Tob\u0105 a naszym serwerem, jednak nie przechowujemy w plikach cookies informacji pozwalaj\u0105cych na ustalenie to\u017csamo\u015bci poszczeg\u00f3lnych u\u017cytkownik\u00f3w, a jedynie dane dotycz\u0105ce po\u0142\u0105czenia,<\/li>\n\n\n\n<li>przedstawianie Ci naszej tre\u015bci \u2013 sprawdzamy, jakie komunikaty z naszego serwisu zosta\u0142y Ci ju\u017c przedstawione, aby ich nie powtarza\u0107 i prezentowa\u0107 tre\u015bci bardziej odpowiadaj\u0105ce Twoim zainteresowaniom, <\/li>\n\n\n\n<li>dbanie o sprawne i bezpieczne dzia\u0142anie serwisu oraz zawartych na nim formularzy, <\/li>\n\n\n\n<li>zabezpieczamy stron\u0119 m.in. przed dzia\u0142aniem robot\u00f3w (program\u00f3w automatycznie badaj\u0105cych zawarto\u015b\u0107 strony internetowej), <\/li>\n\n\n\n<li>przedstawianie spersonalizowanych ofert i promocji.<\/li>\n<\/ul>\n\n\n\n<p class=\"eplus-wrapper\">3.2. Analityczne pliki cookie:<\/p>\n\n\n\n<p class=\"eplus-wrapper\">Nieustannie monitorujemy i zbieramy niekt\u00f3re dane w celu budowania zbiorczych, anonimowych statystyk odwiedzin i dzia\u0142a\u0144 na naszej stronie w celu optymalizacji serwisu, kt\u00f3re obejmuj\u0105:<\/p>\n\n\n\n<ul class=\"eplus-wrapper wp-block-list\">\n<li>rejestracja liczby os\u00f3b odwiedzaj\u0105cych nasze strony internetowe,<\/li>\n\n\n\n<li>recording the time visitors spend on our website,<\/li>\n\n\n\n<li>registration of the order of visits to various websites,<\/li>\n\n\n\n<li>determining which parts of our website require changes.<\/li>\n<\/ul>\n\n\n\n<p class=\"eplus-wrapper\" id=\"tw-target-text\">We use the following services for statistical purposes: Google Analytics and Google Maps. We recommend you to read the privacy protection policies to learn about the rules of using cookies in the statistics: Google Analytics Privacy Policy.<br><br>In terms of information about Customer \/ User preferences collected by the Google advertising network, the Customer \/ User may view and edit information resulting from cookies using the tool: https:\/\/www.google.com\/ads\/preferences\/.<br><br>For more information on terms of use and data protection, please visit the following website https:\/\/www.google.com\/analytics\/terms\/gb.html and https:\/\/policies.google.com\/?hl=en<\/p>\n\n\n\n<p class=\"eplus-wrapper\">3.3. Marketing cookies:<\/p>\n\n\n\n<p class=\"eplus-wrapper\" id=\"tw-target-text\">We use marketing services to present you with ours attractive offers from and from third parties. These services enable us:<\/p>\n\n\n\n<ul class=\"eplus-wrapper wp-block-list\">\n<li>guaranteeing success and fees for advertising between advertising partners,<\/li>\n\n\n\n<li>tracking which ads you&#8217;ve seen before to avoid showing the same ads again,<\/li>\n\n\n\n<li>determining the number of page views of our website,<\/li>\n\n\n\n<li>tracking internal search commands,<\/li>\n\n\n\n<li>seeing products whose sites are called up or<\/li>\n\n\n\n<li>recognizing your login status.<\/li>\n<\/ul>\n\n\n\n<p class=\"eplus-wrapper\" id=\"tw-target-text\">Nevertheless, we would like to inform you that even if you deactivate these services for marketing purposes, advertisements will continue to be shown to you with the difference, that they will be not adjusted to your interests.<\/p>","protected":false},"excerpt":{"rendered":"<p>Our website and online store performs the functions of obtaining information about customers, users and their behavior by saving cookie files in end-devices (so-called &#8220;cookies&#8221;); 1. WHAT ARE COOKIES? &#8220;Cookies&#8221; are small files containing information technology data, which are stored in the end device (e.g. computer) while your visit on the website occurs. Cookies are &hellip; <\/p>\n<p class=\"link-more\"><a href=\"https:\/\/www.intelka.net\/pl\/cookies-policy\/\" class=\"more-link\">Read more<span class=\"screen-reader-text\"> &#8220;Cookies Policy&#8221;<\/span><\/a><\/p>","protected":false},"author":1,"featured_media":0,"parent":0,"menu_order":0,"comment_status":"closed","ping_status":"closed","template":"","meta":{"inspiro_hide_title":false,"footnotes":""},"class_list":["post-1645","page","type-page","status-publish","hentry"],"yoast_head":"<!-- This site is optimized with the Yoast SEO plugin v27.3 - https:\/\/yoast.com\/product\/yoast-seo-wordpress\/ -->\n<title>Cookies Policy - Intelka<\/title>\n<meta name=\"robots\" content=\"index, follow, max-snippet:-1, max-image-preview:large, max-video-preview:-1\" \/>\n<link rel=\"canonical\" href=\"https:\/\/www.intelka.net\/pl\/cookies-policy\/\" \/>\n<meta property=\"og:locale\" content=\"pl_PL\" \/>\n<meta property=\"og:type\" content=\"article\" \/>\n<meta property=\"og:title\" content=\"Cookies Policy - Intelka\" \/>\n<meta property=\"og:description\" content=\"Our website and online store performs the functions of obtaining information about customers, users and their behavior by saving cookie files in end-devices (so-called &#8220;cookies&#8221;); 1. WHAT ARE COOKIES? &#8220;Cookies&#8221; are small files containing information technology data, which are stored in the end device (e.g. computer) while your visit on the website occurs. Cookies are &hellip; Read more &quot;Cookies Policy&quot;\" \/>\n<meta property=\"og:url\" content=\"https:\/\/www.intelka.net\/pl\/cookies-policy\/\" \/>\n<meta property=\"og:site_name\" content=\"Intelka\" \/>\n<meta property=\"article:modified_time\" content=\"2023-08-01T18:57:00+00:00\" \/>\n<meta name=\"twitter:card\" content=\"summary_large_image\" \/>\n<meta name=\"twitter:label1\" content=\"Szacowany czas czytania\" \/>\n\t<meta name=\"twitter:data1\" content=\"5 minut\" \/>\n<script type=\"application\/ld+json\" class=\"yoast-schema-graph\">{\"@context\":\"https:\\\/\\\/schema.org\",\"@graph\":[{\"@type\":\"WebPage\",\"@id\":\"https:\\\/\\\/www.intelka.net\\\/cookies-policy\\\/\",\"url\":\"https:\\\/\\\/www.intelka.net\\\/cookies-policy\\\/\",\"name\":\"Cookies Policy - Intelka\",\"isPartOf\":{\"@id\":\"https:\\\/\\\/www.intelka.net\\\/#website\"},\"datePublished\":\"2022-08-06T12:18:27+00:00\",\"dateModified\":\"2023-08-01T18:57:00+00:00\",\"breadcrumb\":{\"@id\":\"https:\\\/\\\/www.intelka.net\\\/cookies-policy\\\/#breadcrumb\"},\"inLanguage\":\"pl-PL\",\"potentialAction\":[{\"@type\":\"ReadAction\",\"target\":[\"https:\\\/\\\/www.intelka.net\\\/cookies-policy\\\/\"]}]},{\"@type\":\"BreadcrumbList\",\"@id\":\"https:\\\/\\\/www.intelka.net\\\/cookies-policy\\\/#breadcrumb\",\"itemListElement\":[{\"@type\":\"ListItem\",\"position\":1,\"name\":\"Home\",\"item\":\"https:\\\/\\\/www.intelka.net\\\/\"},{\"@type\":\"ListItem\",\"position\":2,\"name\":\"Cookies Policy\"}]},{\"@type\":\"WebSite\",\"@id\":\"https:\\\/\\\/www.intelka.net\\\/#website\",\"url\":\"https:\\\/\\\/www.intelka.net\\\/\",\"name\":\"Intelka\",\"description\":\"Connect Smart Way\",\"publisher\":{\"@id\":\"https:\\\/\\\/www.intelka.net\\\/#organization\"},\"potentialAction\":[{\"@type\":\"SearchAction\",\"target\":{\"@type\":\"EntryPoint\",\"urlTemplate\":\"https:\\\/\\\/www.intelka.net\\\/?s={search_term_string}\"},\"query-input\":{\"@type\":\"PropertyValueSpecification\",\"valueRequired\":true,\"valueName\":\"search_term_string\"}}],\"inLanguage\":\"pl-PL\"},{\"@type\":\"Organization\",\"@id\":\"https:\\\/\\\/www.intelka.net\\\/#organization\",\"name\":\"Intelka\",\"url\":\"https:\\\/\\\/www.intelka.net\\\/\",\"logo\":{\"@type\":\"ImageObject\",\"inLanguage\":\"pl-PL\",\"@id\":\"https:\\\/\\\/www.intelka.net\\\/#\\\/schema\\\/logo\\\/image\\\/\",\"url\":\"https:\\\/\\\/www.intelka.net\\\/wp-content\\\/uploads\\\/2022\\\/07\\\/cropped-IntelkaLogoVectorSiteIdentity200-1.png\",\"contentUrl\":\"https:\\\/\\\/www.intelka.net\\\/wp-content\\\/uploads\\\/2022\\\/07\\\/cropped-IntelkaLogoVectorSiteIdentity200-1.png\",\"width\":200,\"height\":49,\"caption\":\"Intelka\"},\"image\":{\"@id\":\"https:\\\/\\\/www.intelka.net\\\/#\\\/schema\\\/logo\\\/image\\\/\"}}]}<\/script>\n<!-- \/ Yoast SEO plugin. -->","yoast_head_json":{"title":"Cookies Policy - Intelka","robots":{"index":"index","follow":"follow","max-snippet":"max-snippet:-1","max-image-preview":"max-image-preview:large","max-video-preview":"max-video-preview:-1"},"canonical":"https:\/\/www.intelka.net\/pl\/cookies-policy\/","og_locale":"pl_PL","og_type":"article","og_title":"Cookies Policy - Intelka","og_description":"Our website and online store performs the functions of obtaining information about customers, users and their behavior by saving cookie files in end-devices (so-called &#8220;cookies&#8221;); 1. WHAT ARE COOKIES? &#8220;Cookies&#8221; are small files containing information technology data, which are stored in the end device (e.g. computer) while your visit on the website occurs. Cookies are &hellip; Read more \"Cookies Policy\"","og_url":"https:\/\/www.intelka.net\/pl\/cookies-policy\/","og_site_name":"Intelka","article_modified_time":"2023-08-01T18:57:00+00:00","twitter_card":"summary_large_image","twitter_misc":{"Szacowany czas czytania":"5 minut"},"schema":{"@context":"https:\/\/schema.org","@graph":[{"@type":"WebPage","@id":"https:\/\/www.intelka.net\/cookies-policy\/","url":"https:\/\/www.intelka.net\/cookies-policy\/","name":"Cookies Policy - Intelka","isPartOf":{"@id":"https:\/\/www.intelka.net\/#website"},"datePublished":"2022-08-06T12:18:27+00:00","dateModified":"2023-08-01T18:57:00+00:00","breadcrumb":{"@id":"https:\/\/www.intelka.net\/cookies-policy\/#breadcrumb"},"inLanguage":"pl-PL","potentialAction":[{"@type":"ReadAction","target":["https:\/\/www.intelka.net\/cookies-policy\/"]}]},{"@type":"BreadcrumbList","@id":"https:\/\/www.intelka.net\/cookies-policy\/#breadcrumb","itemListElement":[{"@type":"ListItem","position":1,"name":"Home","item":"https:\/\/www.intelka.net\/"},{"@type":"ListItem","position":2,"name":"Cookies Policy"}]},{"@type":"WebSite","@id":"https:\/\/www.intelka.net\/#website","url":"https:\/\/www.intelka.net\/","name":"Intelka","description":"Connect Smart Way","publisher":{"@id":"https:\/\/www.intelka.net\/#organization"},"potentialAction":[{"@type":"SearchAction","target":{"@type":"EntryPoint","urlTemplate":"https:\/\/www.intelka.net\/?s={search_term_string}"},"query-input":{"@type":"PropertyValueSpecification","valueRequired":true,"valueName":"search_term_string"}}],"inLanguage":"pl-PL"},{"@type":"Organization","@id":"https:\/\/www.intelka.net\/#organization","name":"Intelka","url":"https:\/\/www.intelka.net\/","logo":{"@type":"ImageObject","inLanguage":"pl-PL","@id":"https:\/\/www.intelka.net\/#\/schema\/logo\/image\/","url":"https:\/\/www.intelka.net\/wp-content\/uploads\/2022\/07\/cropped-IntelkaLogoVectorSiteIdentity200-1.png","contentUrl":"https:\/\/www.intelka.net\/wp-content\/uploads\/2022\/07\/cropped-IntelkaLogoVectorSiteIdentity200-1.png","width":200,"height":49,"caption":"Intelka"},"image":{"@id":"https:\/\/www.intelka.net\/#\/schema\/logo\/image\/"}}]}},"_links":{"self":[{"href":"https:\/\/www.intelka.net\/pl\/wp-json\/wp\/v2\/pages\/1645","targetHints":{"allow":["GET"]}}],"collection":[{"href":"https:\/\/www.intelka.net\/pl\/wp-json\/wp\/v2\/pages"}],"about":[{"href":"https:\/\/www.intelka.net\/pl\/wp-json\/wp\/v2\/types\/page"}],"author":[{"embeddable":true,"href":"https:\/\/www.intelka.net\/pl\/wp-json\/wp\/v2\/users\/1"}],"replies":[{"embeddable":true,"href":"https:\/\/www.intelka.net\/pl\/wp-json\/wp\/v2\/comments?post=1645"}],"version-history":[{"count":3,"href":"https:\/\/www.intelka.net\/pl\/wp-json\/wp\/v2\/pages\/1645\/revisions"}],"predecessor-version":[{"id":2230,"href":"https:\/\/www.intelka.net\/pl\/wp-json\/wp\/v2\/pages\/1645\/revisions\/2230"}],"wp:attachment":[{"href":"https:\/\/www.intelka.net\/pl\/wp-json\/wp\/v2\/media?parent=1645"}],"curies":[{"name":"wp","href":"https:\/\/api.w.org\/{rel}","templated":true}]}}