
{"id":18,"date":"2021-10-20T09:57:04","date_gmt":"2021-10-20T09:57:04","guid":{"rendered":"http:\/\/192.168.1.110\/?page_id=18"},"modified":"2023-07-31T20:25:04","modified_gmt":"2023-07-31T19:25:04","slug":"about-us","status":"publish","type":"page","link":"https:\/\/www.intelka.net\/pl\/about-us\/","title":{"rendered":"O Nas"},"content":{"rendered":"<div class=\"wp-block-group alignfull eplus-wrapper has-white-background-color has-background is-layout-flow wp-block-group-is-layout-flow\">\n<div style=\"height:100px\" aria-hidden=\"true\" class=\"wp-block-spacer eplus-wrapper\"><\/div>\n\n\n\n<div class=\"wp-block-columns eplus-wrapper is-layout-flex wp-container-core-columns-is-layout-28f84493 wp-block-columns-is-layout-flex\">\n<div class=\"wp-block-column is-vertically-aligned-center eplus-wrapper is-layout-flow wp-block-column-is-layout-flow\">\n<div class=\"wp-block-media-text alignwide is-stacked-on-mobile is-vertically-aligned-top eplus-wrapper\" style=\"grid-template-columns:38% auto\"><figure class=\"wp-block-media-text__media\"><img loading=\"lazy\" decoding=\"async\" width=\"868\" height=\"1024\" src=\"https:\/\/www.intelka.net\/wp-content\/uploads\/2022\/07\/apartment-g390137a84_1920-868x1024.png\" alt=\"\" class=\"wp-image-1347 size-full\" srcset=\"https:\/\/www.intelka.net\/wp-content\/uploads\/2022\/07\/apartment-g390137a84_1920-868x1024.png 868w, https:\/\/www.intelka.net\/wp-content\/uploads\/2022\/07\/apartment-g390137a84_1920-254x300.png 254w, https:\/\/www.intelka.net\/wp-content\/uploads\/2022\/07\/apartment-g390137a84_1920-768x906.png 768w, https:\/\/www.intelka.net\/wp-content\/uploads\/2022\/07\/apartment-g390137a84_1920-1302x1536.png 1302w, https:\/\/www.intelka.net\/wp-content\/uploads\/2022\/07\/apartment-g390137a84_1920-600x708.png 600w, https:\/\/www.intelka.net\/wp-content\/uploads\/2022\/07\/apartment-g390137a84_1920-10x12.png 10w, https:\/\/www.intelka.net\/wp-content\/uploads\/2022\/07\/apartment-g390137a84_1920.png 1356w\" sizes=\"auto, (max-width: 868px) 100vw, 868px\" \/><\/figure><div class=\"wp-block-media-text__content\">\n<h2 class=\"wp-block-heading has-text-align-center eplus-wrapper has-x-large-font-size\">Rozwi\u0105zanie zorientowane na prywatno\u015b\u0107<\/h2>\n\n\n\n<p class=\"eplus-wrapper\">W 2021 roku, podczas ogranicze\u0144 zwi\u0105zanych z COVID, zauwa\u017cyli\u015bmy brak rozwi\u0105za\u0144 zorientowanych na prywatno\u015b\u0107, je\u015bli chodzi o sektor IOT i Home Automation. <\/p>\n\n\n\n<p class=\"eplus-wrapper\">Postanowili\u015bmy zaprojektowa\u0107 i wyprodukowa\u0107 rozwi\u0105zania, kt\u00f3re u\u0142atwi\u0105 Ci \u017cycie, daj\u0105c jednocze\u015bnie kontrol\u0119 nad Twoj\u0105 prywatno\u015bci\u0105.<\/p>\n\n\n\n<p class=\"eplus-wrapper\">W stale rozwijaj\u0105cym si\u0119 i wzajemnie po\u0142\u0105czonym \u015bwiecie kluczem do ochrony danych przed osobami trzecimi jest kontrola nad swoimi danymi.<\/p>\n<\/div><\/div>\n<\/div>\n<\/div>\n<\/div>\n\n\n\n<div style=\"height:100px\" aria-hidden=\"true\" class=\"wp-block-spacer eplus-wrapper\"><\/div>\n\n\n\n<div class=\"wp-block-group alignfull eplus-wrapper has-white-background-color has-background is-layout-flow wp-block-group-is-layout-flow\">\n<div class=\"wp-block-media-text alignwide has-media-on-the-right is-stacked-on-mobile is-vertically-aligned-center eplus-wrapper\" style=\"grid-template-columns:auto 60%\"><div class=\"wp-block-media-text__content\">\n<h2 class=\"wp-block-heading eplus-wrapper has-x-large-font-size\">Kim jeste\u015bmy?<\/h2>\n\n\n\n<p class=\"eplus-wrapper\">Tworzymy inteligentne urz\u0105dzenia, kt\u00f3re s\u0105 elastyczne i pozostan\u0105 w kontakcie niezale\u017cnie od po\u0142\u0105czenia z chmur\u0105, umo\u017cliwiaj\u0105c wykonywanie codziennych czynno\u015bci bez martwienia si\u0119 o swoj\u0105 prywatno\u015b\u0107. Projektujemy i budujemy urz\u0105dzenia od zera, poniewa\u017c nasz\u0105 ide\u0105 jest zapewnienie \u0142atwo\u015bci \u017cycia w zasi\u0119gu kieszeni ka\u017cdego i mo\u017cliwo\u015bci samodzielnego monta\u017cu \u2013 tak prostego, jak proces zakupu. <\/p>\n\n\n\n<div class=\"wp-block-buttons eplus-wrapper is-content-justification-left is-layout-flex wp-container-core-buttons-is-layout-9d8a7149 wp-block-buttons-is-layout-flex\">\n<div class=\"wp-block-button has-custom-width wp-block-button__width-100 is-style-fill eplus-wrapper\"><a class=\"wp-block-button__link has-cyan-bluish-gray-background-color has-background wp-element-button\" href=\"#our-team\">Poznaj Nasz\u0105 Dru\u017cyn\u0119<\/a><\/div>\n<\/div>\n<\/div><figure class=\"wp-block-media-text__media\"><img loading=\"lazy\" decoding=\"async\" width=\"1024\" height=\"699\" src=\"https:\/\/www.intelka.net\/wp-content\/uploads\/2022\/07\/people-g13319c64c_1920-1024x699.png\" alt=\"\" class=\"wp-image-1315 size-full\" srcset=\"https:\/\/www.intelka.net\/wp-content\/uploads\/2022\/07\/people-g13319c64c_1920-1024x699.png 1024w, https:\/\/www.intelka.net\/wp-content\/uploads\/2022\/07\/people-g13319c64c_1920-300x205.png 300w, https:\/\/www.intelka.net\/wp-content\/uploads\/2022\/07\/people-g13319c64c_1920-768x524.png 768w, https:\/\/www.intelka.net\/wp-content\/uploads\/2022\/07\/people-g13319c64c_1920-1536x1048.png 1536w, https:\/\/www.intelka.net\/wp-content\/uploads\/2022\/07\/people-g13319c64c_1920-600x409.png 600w, https:\/\/www.intelka.net\/wp-content\/uploads\/2022\/07\/people-g13319c64c_1920-18x12.png 18w, https:\/\/www.intelka.net\/wp-content\/uploads\/2022\/07\/people-g13319c64c_1920.png 1920w\" sizes=\"auto, (max-width: 1024px) 100vw, 1024px\" \/><\/figure><\/div>\n<\/div>\n\n\n\n<div style=\"height:100px\" aria-hidden=\"true\" class=\"wp-block-spacer eplus-wrapper\"><\/div>\n\n\n\n<div class=\"wp-block-group alignfull eplus-wrapper has-white-background-color has-background is-layout-flow wp-block-group-is-layout-flow\">\n<h2 class=\"wp-block-heading has-text-align-center eplus-wrapper has-x-large-font-size\">Nasze mocne strony<\/h2>\n\n\n\n<div class=\"wp-block-columns eplus-wrapper is-layout-flex wp-container-core-columns-is-layout-28f84493 wp-block-columns-is-layout-flex\">\n<div class=\"wp-block-column eplus-wrapper is-layout-flow wp-block-column-is-layout-flow\" style=\"flex-basis:33.34%\">\n<p class=\"eplus-wrapper\">Dostarczamy inteligentne produkty w ramach Twojego bud\u017cetu.<\/p>\n\n\n\n<figure class=\"wp-block-image alignwide size-full eplus-wrapper\"><img decoding=\"async\" src=\"https:\/\/www.intelka.net\/wp-content\/uploads\/2022\/07\/AboutUsStrenghts2-e1658479373857.png\" alt=\"\" class=\"wp-image-1324\"\/><\/figure>\n<\/div>\n\n\n\n<div class=\"wp-block-column eplus-wrapper is-layout-flow wp-block-column-is-layout-flow\" style=\"flex-basis:33.34%\">\n<p class=\"has-text-align-left eplus-wrapper\">Nasze produkty s\u0105 zaprojektowane tak, aby wsp\u00f3\u0142istnia\u0142y z innymi markami.<\/p>\n\n\n\n<figure class=\"wp-block-image alignwide size-full eplus-wrapper\"><img loading=\"lazy\" decoding=\"async\" width=\"224\" height=\"227\" src=\"https:\/\/www.intelka.net\/wp-content\/uploads\/2022\/07\/AboutUsStrengths3-e1658479433438.png\" alt=\"\" class=\"wp-image-1325\" srcset=\"https:\/\/www.intelka.net\/wp-content\/uploads\/2022\/07\/AboutUsStrengths3-e1658479433438.png 224w, https:\/\/www.intelka.net\/wp-content\/uploads\/2022\/07\/AboutUsStrengths3-e1658479433438-100x100.png 100w, https:\/\/www.intelka.net\/wp-content\/uploads\/2022\/07\/AboutUsStrengths3-e1658479433438-12x12.png 12w\" sizes=\"auto, (max-width: 224px) 100vw, 224px\" \/><\/figure>\n<\/div>\n\n\n\n<div class=\"wp-block-column eplus-wrapper is-layout-flow wp-block-column-is-layout-flow\" style=\"flex-basis:33.33%\">\n<p class=\"has-text-align-left eplus-wrapper\">Decyzja nale\u017cy do Ciebie, je\u015bli chodzi o Twoj\u0105 prywatno\u015b\u0107.<\/p>\n\n\n\n<figure class=\"wp-block-image alignwide size-full eplus-wrapper\"><img loading=\"lazy\" decoding=\"async\" width=\"215\" height=\"213\" src=\"https:\/\/www.intelka.net\/wp-content\/uploads\/2022\/07\/AboutUsStrengths4-e1658479481373.png\" alt=\"\" class=\"wp-image-1329\" srcset=\"https:\/\/www.intelka.net\/wp-content\/uploads\/2022\/07\/AboutUsStrengths4-e1658479481373.png 215w, https:\/\/www.intelka.net\/wp-content\/uploads\/2022\/07\/AboutUsStrengths4-e1658479481373-150x150.png 150w, https:\/\/www.intelka.net\/wp-content\/uploads\/2022\/07\/AboutUsStrengths4-e1658479481373-100x100.png 100w, https:\/\/www.intelka.net\/wp-content\/uploads\/2022\/07\/AboutUsStrengths4-e1658479481373-12x12.png 12w\" sizes=\"auto, (max-width: 215px) 100vw, 215px\" \/><\/figure>\n<\/div>\n<\/div>\n<\/div>\n\n\n\n<div class=\"wp-block-group alignfull ext editor:no-inserter has-background ext-my-0 ext-py-lg eplus-wrapper has-global-padding is-layout-constrained wp-block-group-is-layout-constrained\">\n<h2 class=\"wp-block-heading alignwide has-text-align-center ext-mt-0 ext-mb-base eplus-wrapper has-x-large-font-size\" id=\"our-team\">Nasz zesp\u00f3\u0142<\/h2>\n\n\n\n<div class=\"wp-block-columns alignwide tablet:fullwidth-cols ext-mt-lg eplus-wrapper is-layout-flex wp-container-core-columns-is-layout-28f84493 wp-block-columns-is-layout-flex\">\n<div class=\"wp-block-column ext-mb-lg tablet:ext-mb-0 eplus-wrapper is-layout-flow wp-block-column-is-layout-flow\">\n<figure class=\"wp-block-image aligncenter size-large is-resized is-style-rounded editor:no-caption editor:no-resize ext-mb-base eplus-wrapper\"><img loading=\"lazy\" decoding=\"async\" src=\"https:\/\/www.intelka.net\/wp-content\/uploads\/2023\/07\/IMG-20200229-WA0026-768x1024.jpg\" alt=\"\" class=\"wp-image-2223\" width=\"235\" height=\"312\" srcset=\"https:\/\/www.intelka.net\/wp-content\/uploads\/2023\/07\/IMG-20200229-WA0026-768x1024.jpg 768w, https:\/\/www.intelka.net\/wp-content\/uploads\/2023\/07\/IMG-20200229-WA0026-225x300.jpg 225w, https:\/\/www.intelka.net\/wp-content\/uploads\/2023\/07\/IMG-20200229-WA0026-1152x1536.jpg 1152w, https:\/\/www.intelka.net\/wp-content\/uploads\/2023\/07\/IMG-20200229-WA0026-9x12.jpg 9w, https:\/\/www.intelka.net\/wp-content\/uploads\/2023\/07\/IMG-20200229-WA0026-600x800.jpg 600w, https:\/\/www.intelka.net\/wp-content\/uploads\/2023\/07\/IMG-20200229-WA0026.jpg 1200w\" sizes=\"auto, (max-width: 235px) 100vw, 235px\" \/><\/figure>\n\n\n\n<h3 class=\"wp-block-heading has-text-align-center ext-my-base eplus-wrapper has-ext-medium-font-size\" id=\"alexa-josep\">Katarzyna Lukowska<\/h3>\n\n\n\n<p class=\"has-text-align-center ext-m-0 eplus-wrapper has-ext-small-font-size\">Wsp\u00f3\u0142za\u0142o\u017cyciel<\/p>\n<\/div>\n\n\n\n<div class=\"wp-block-column ext-mb-lg ext-pt-base tablet:ext-mb-0 tablet:ext-pt-0 tablet:ext--ml-base eplus-wrapper is-layout-flow wp-block-column-is-layout-flow\">\n<figure class=\"wp-block-image size-large is-resized is-style-rounded editor:no-resize editor:no-caption ext-mb-base eplus-wrapper\"><img loading=\"lazy\" decoding=\"async\" src=\"https:\/\/www.intelka.net\/wp-content\/uploads\/2023\/01\/ProfilePic-1024x1024.jpg\" alt=\"\" class=\"wp-image-1956\" width=\"306\" height=\"306\" srcset=\"https:\/\/www.intelka.net\/wp-content\/uploads\/2023\/01\/ProfilePic-1024x1024.jpg 1024w, https:\/\/www.intelka.net\/wp-content\/uploads\/2023\/01\/ProfilePic-300x300.jpg 300w, https:\/\/www.intelka.net\/wp-content\/uploads\/2023\/01\/ProfilePic-150x150.jpg 150w, https:\/\/www.intelka.net\/wp-content\/uploads\/2023\/01\/ProfilePic-768x768.jpg 768w, https:\/\/www.intelka.net\/wp-content\/uploads\/2023\/01\/ProfilePic-1536x1536.jpg 1536w, https:\/\/www.intelka.net\/wp-content\/uploads\/2023\/01\/ProfilePic-12x12.jpg 12w, https:\/\/www.intelka.net\/wp-content\/uploads\/2023\/01\/ProfilePic-600x600.jpg 600w, https:\/\/www.intelka.net\/wp-content\/uploads\/2023\/01\/ProfilePic-100x100.jpg 100w, https:\/\/www.intelka.net\/wp-content\/uploads\/2023\/01\/ProfilePic-800x800.jpg 800w, https:\/\/www.intelka.net\/wp-content\/uploads\/2023\/01\/ProfilePic.jpg 1671w\" sizes=\"auto, (max-width: 306px) 100vw, 306px\" \/><\/figure>\n\n\n\n<h2 class=\"wp-block-heading has-text-align-center ext-my-base eplus-wrapper has-ext-medium-font-size\" id=\"anna-jakobs\">Andree Renteria <\/h2>\n\n\n\n<p class=\"has-text-align-center ext-m-0 eplus-wrapper has-ext-small-font-size\">Wsp\u00f3\u0142za\u0142o\u017cyciel<\/p>\n<\/div>\n<\/div>\n\n\n\n<div style=\"height:100px\" aria-hidden=\"true\" class=\"wp-block-spacer eplus-wrapper\"><\/div>\n\n\n\n<p class=\"has-text-align-center eplus-wrapper\">IntelKA to firma zajmuj\u0105ca si\u0119 projektowaniem i produkcj\u0105 inteligentnych urz\u0105dze\u0144 IoT (Internet of Things). Projektujemy nasze urz\u0105dzenia tak, aby oferowa\u0107 najlepsze mo\u017cliwo\u015bci poprzez inteligentny dom i tak, aby by\u0142y dost\u0119pne dla ka\u017cdego.<\/p>\n<\/div>","protected":false},"excerpt":{"rendered":"<p>Privacy Focused IOT In 2021 during the COVID confinement, we noticed the lack of privacy focused solutions when it comes to the IOT sector and Home Automation. We decided to design and manufacture solutions that make your life easier while giving you control over your privacy. In an ever expanding and interconnected world is key &hellip; <\/p>\n<p class=\"link-more\"><a href=\"https:\/\/www.intelka.net\/pl\/about-us\/\" class=\"more-link\">Read more<span class=\"screen-reader-text\"> &#8220;About Us&#8221;<\/span><\/a><\/p>","protected":false},"author":1,"featured_media":0,"parent":0,"menu_order":0,"comment_status":"closed","ping_status":"closed","template":"page-templates\/full-width-no-title.php","meta":{"inspiro_hide_title":false,"footnotes":""},"class_list":["post-18","page","type-page","status-publish","hentry"],"yoast_head":"<!-- This site is optimized with the Yoast SEO plugin v27.3 - https:\/\/yoast.com\/product\/yoast-seo-wordpress\/ -->\n<title>About Us - Intelka<\/title>\n<meta name=\"robots\" content=\"index, follow, max-snippet:-1, max-image-preview:large, max-video-preview:-1\" \/>\n<link rel=\"canonical\" href=\"https:\/\/www.intelka.net\/pl\/about-us\/\" \/>\n<meta property=\"og:locale\" content=\"pl_PL\" \/>\n<meta property=\"og:type\" content=\"article\" \/>\n<meta property=\"og:title\" content=\"About Us - Intelka\" \/>\n<meta property=\"og:description\" content=\"Privacy Focused IOT In 2021 during the COVID confinement, we noticed the lack of privacy focused solutions when it comes to the IOT sector and Home Automation. We decided to design and manufacture solutions that make your life easier while giving you control over your privacy. In an ever expanding and interconnected world is key &hellip; Read more &quot;About Us&quot;\" \/>\n<meta property=\"og:url\" content=\"https:\/\/www.intelka.net\/pl\/about-us\/\" \/>\n<meta property=\"og:site_name\" content=\"Intelka\" \/>\n<meta property=\"article:modified_time\" content=\"2023-07-31T19:25:04+00:00\" \/>\n<meta property=\"og:image\" content=\"https:\/\/www.intelka.net\/wp-content\/uploads\/2022\/07\/apartment-g390137a84_1920-868x1024.png\" \/>\n<meta name=\"twitter:card\" content=\"summary_large_image\" \/>\n<meta name=\"twitter:label1\" content=\"Szacowany czas czytania\" \/>\n\t<meta name=\"twitter:data1\" content=\"3 minuty\" \/>\n<script type=\"application\/ld+json\" class=\"yoast-schema-graph\">{\"@context\":\"https:\\\/\\\/schema.org\",\"@graph\":[{\"@type\":\"WebPage\",\"@id\":\"https:\\\/\\\/www.intelka.net\\\/about-us\\\/\",\"url\":\"https:\\\/\\\/www.intelka.net\\\/about-us\\\/\",\"name\":\"About Us - Intelka\",\"isPartOf\":{\"@id\":\"https:\\\/\\\/www.intelka.net\\\/#website\"},\"primaryImageOfPage\":{\"@id\":\"https:\\\/\\\/www.intelka.net\\\/about-us\\\/#primaryimage\"},\"image\":{\"@id\":\"https:\\\/\\\/www.intelka.net\\\/about-us\\\/#primaryimage\"},\"thumbnailUrl\":\"https:\\\/\\\/www.intelka.net\\\/wp-content\\\/uploads\\\/2022\\\/07\\\/apartment-g390137a84_1920-868x1024.png\",\"datePublished\":\"2021-10-20T09:57:04+00:00\",\"dateModified\":\"2023-07-31T19:25:04+00:00\",\"breadcrumb\":{\"@id\":\"https:\\\/\\\/www.intelka.net\\\/about-us\\\/#breadcrumb\"},\"inLanguage\":\"pl-PL\",\"potentialAction\":[{\"@type\":\"ReadAction\",\"target\":[\"https:\\\/\\\/www.intelka.net\\\/about-us\\\/\"]}]},{\"@type\":\"ImageObject\",\"inLanguage\":\"pl-PL\",\"@id\":\"https:\\\/\\\/www.intelka.net\\\/about-us\\\/#primaryimage\",\"url\":\"https:\\\/\\\/www.intelka.net\\\/wp-content\\\/uploads\\\/2022\\\/07\\\/apartment-g390137a84_1920-868x1024.png\",\"contentUrl\":\"https:\\\/\\\/www.intelka.net\\\/wp-content\\\/uploads\\\/2022\\\/07\\\/apartment-g390137a84_1920-868x1024.png\"},{\"@type\":\"BreadcrumbList\",\"@id\":\"https:\\\/\\\/www.intelka.net\\\/about-us\\\/#breadcrumb\",\"itemListElement\":[{\"@type\":\"ListItem\",\"position\":1,\"name\":\"Home\",\"item\":\"https:\\\/\\\/www.intelka.net\\\/\"},{\"@type\":\"ListItem\",\"position\":2,\"name\":\"About Us\"}]},{\"@type\":\"WebSite\",\"@id\":\"https:\\\/\\\/www.intelka.net\\\/#website\",\"url\":\"https:\\\/\\\/www.intelka.net\\\/\",\"name\":\"Intelka\",\"description\":\"Connect Smart Way\",\"publisher\":{\"@id\":\"https:\\\/\\\/www.intelka.net\\\/#organization\"},\"potentialAction\":[{\"@type\":\"SearchAction\",\"target\":{\"@type\":\"EntryPoint\",\"urlTemplate\":\"https:\\\/\\\/www.intelka.net\\\/?s={search_term_string}\"},\"query-input\":{\"@type\":\"PropertyValueSpecification\",\"valueRequired\":true,\"valueName\":\"search_term_string\"}}],\"inLanguage\":\"pl-PL\"},{\"@type\":\"Organization\",\"@id\":\"https:\\\/\\\/www.intelka.net\\\/#organization\",\"name\":\"Intelka\",\"url\":\"https:\\\/\\\/www.intelka.net\\\/\",\"logo\":{\"@type\":\"ImageObject\",\"inLanguage\":\"pl-PL\",\"@id\":\"https:\\\/\\\/www.intelka.net\\\/#\\\/schema\\\/logo\\\/image\\\/\",\"url\":\"https:\\\/\\\/www.intelka.net\\\/wp-content\\\/uploads\\\/2022\\\/07\\\/cropped-IntelkaLogoVectorSiteIdentity200-1.png\",\"contentUrl\":\"https:\\\/\\\/www.intelka.net\\\/wp-content\\\/uploads\\\/2022\\\/07\\\/cropped-IntelkaLogoVectorSiteIdentity200-1.png\",\"width\":200,\"height\":49,\"caption\":\"Intelka\"},\"image\":{\"@id\":\"https:\\\/\\\/www.intelka.net\\\/#\\\/schema\\\/logo\\\/image\\\/\"}}]}<\/script>\n<!-- \/ Yoast SEO plugin. -->","yoast_head_json":{"title":"About Us - Intelka","robots":{"index":"index","follow":"follow","max-snippet":"max-snippet:-1","max-image-preview":"max-image-preview:large","max-video-preview":"max-video-preview:-1"},"canonical":"https:\/\/www.intelka.net\/pl\/about-us\/","og_locale":"pl_PL","og_type":"article","og_title":"About Us - Intelka","og_description":"Privacy Focused IOT In 2021 during the COVID confinement, we noticed the lack of privacy focused solutions when it comes to the IOT sector and Home Automation. We decided to design and manufacture solutions that make your life easier while giving you control over your privacy. In an ever expanding and interconnected world is key &hellip; Read more \"About Us\"","og_url":"https:\/\/www.intelka.net\/pl\/about-us\/","og_site_name":"Intelka","article_modified_time":"2023-07-31T19:25:04+00:00","og_image":[{"url":"https:\/\/www.intelka.net\/wp-content\/uploads\/2022\/07\/apartment-g390137a84_1920-868x1024.png","type":"","width":"","height":""}],"twitter_card":"summary_large_image","twitter_misc":{"Szacowany czas czytania":"3 minuty"},"schema":{"@context":"https:\/\/schema.org","@graph":[{"@type":"WebPage","@id":"https:\/\/www.intelka.net\/about-us\/","url":"https:\/\/www.intelka.net\/about-us\/","name":"About Us - Intelka","isPartOf":{"@id":"https:\/\/www.intelka.net\/#website"},"primaryImageOfPage":{"@id":"https:\/\/www.intelka.net\/about-us\/#primaryimage"},"image":{"@id":"https:\/\/www.intelka.net\/about-us\/#primaryimage"},"thumbnailUrl":"https:\/\/www.intelka.net\/wp-content\/uploads\/2022\/07\/apartment-g390137a84_1920-868x1024.png","datePublished":"2021-10-20T09:57:04+00:00","dateModified":"2023-07-31T19:25:04+00:00","breadcrumb":{"@id":"https:\/\/www.intelka.net\/about-us\/#breadcrumb"},"inLanguage":"pl-PL","potentialAction":[{"@type":"ReadAction","target":["https:\/\/www.intelka.net\/about-us\/"]}]},{"@type":"ImageObject","inLanguage":"pl-PL","@id":"https:\/\/www.intelka.net\/about-us\/#primaryimage","url":"https:\/\/www.intelka.net\/wp-content\/uploads\/2022\/07\/apartment-g390137a84_1920-868x1024.png","contentUrl":"https:\/\/www.intelka.net\/wp-content\/uploads\/2022\/07\/apartment-g390137a84_1920-868x1024.png"},{"@type":"BreadcrumbList","@id":"https:\/\/www.intelka.net\/about-us\/#breadcrumb","itemListElement":[{"@type":"ListItem","position":1,"name":"Home","item":"https:\/\/www.intelka.net\/"},{"@type":"ListItem","position":2,"name":"About Us"}]},{"@type":"WebSite","@id":"https:\/\/www.intelka.net\/#website","url":"https:\/\/www.intelka.net\/","name":"Intelka","description":"Connect Smart Way","publisher":{"@id":"https:\/\/www.intelka.net\/#organization"},"potentialAction":[{"@type":"SearchAction","target":{"@type":"EntryPoint","urlTemplate":"https:\/\/www.intelka.net\/?s={search_term_string}"},"query-input":{"@type":"PropertyValueSpecification","valueRequired":true,"valueName":"search_term_string"}}],"inLanguage":"pl-PL"},{"@type":"Organization","@id":"https:\/\/www.intelka.net\/#organization","name":"Intelka","url":"https:\/\/www.intelka.net\/","logo":{"@type":"ImageObject","inLanguage":"pl-PL","@id":"https:\/\/www.intelka.net\/#\/schema\/logo\/image\/","url":"https:\/\/www.intelka.net\/wp-content\/uploads\/2022\/07\/cropped-IntelkaLogoVectorSiteIdentity200-1.png","contentUrl":"https:\/\/www.intelka.net\/wp-content\/uploads\/2022\/07\/cropped-IntelkaLogoVectorSiteIdentity200-1.png","width":200,"height":49,"caption":"Intelka"},"image":{"@id":"https:\/\/www.intelka.net\/#\/schema\/logo\/image\/"}}]}},"_links":{"self":[{"href":"https:\/\/www.intelka.net\/pl\/wp-json\/wp\/v2\/pages\/18","targetHints":{"allow":["GET"]}}],"collection":[{"href":"https:\/\/www.intelka.net\/pl\/wp-json\/wp\/v2\/pages"}],"about":[{"href":"https:\/\/www.intelka.net\/pl\/wp-json\/wp\/v2\/types\/page"}],"author":[{"embeddable":true,"href":"https:\/\/www.intelka.net\/pl\/wp-json\/wp\/v2\/users\/1"}],"replies":[{"embeddable":true,"href":"https:\/\/www.intelka.net\/pl\/wp-json\/wp\/v2\/comments?post=18"}],"version-history":[{"count":3,"href":"https:\/\/www.intelka.net\/pl\/wp-json\/wp\/v2\/pages\/18\/revisions"}],"predecessor-version":[{"id":2225,"href":"https:\/\/www.intelka.net\/pl\/wp-json\/wp\/v2\/pages\/18\/revisions\/2225"}],"wp:attachment":[{"href":"https:\/\/www.intelka.net\/pl\/wp-json\/wp\/v2\/media?parent=18"}],"curies":[{"name":"wp","href":"https:\/\/api.w.org\/{rel}","templated":true}]}}