
{"id":308,"date":"2021-11-08T11:19:54","date_gmt":"2021-11-08T11:19:54","guid":{"rendered":"https:\/\/www.intelka.net\/?page_id=308"},"modified":"2026-02-12T18:16:02","modified_gmt":"2026-02-12T17:16:02","slug":"support","status":"publish","type":"page","link":"https:\/\/www.intelka.net\/pl\/support\/","title":{"rendered":"Wsparcie"},"content":{"rendered":"<div class=\"wp-block-media-text alignwide is-stacked-on-mobile eplus-wrapper\"><figure class=\"wp-block-media-text__media\"><img loading=\"lazy\" decoding=\"async\" width=\"1024\" height=\"683\" src=\"https:\/\/www.intelka.net\/wp-content\/uploads\/2022\/07\/iphone-g67a03e5ba_1920-1024x683.png\" alt=\"\" class=\"wp-image-1455 size-full\" srcset=\"https:\/\/www.intelka.net\/wp-content\/uploads\/2022\/07\/iphone-g67a03e5ba_1920-1024x683.png 1024w, https:\/\/www.intelka.net\/wp-content\/uploads\/2022\/07\/iphone-g67a03e5ba_1920-300x200.png 300w, https:\/\/www.intelka.net\/wp-content\/uploads\/2022\/07\/iphone-g67a03e5ba_1920-768x512.png 768w, https:\/\/www.intelka.net\/wp-content\/uploads\/2022\/07\/iphone-g67a03e5ba_1920-1536x1024.png 1536w, https:\/\/www.intelka.net\/wp-content\/uploads\/2022\/07\/iphone-g67a03e5ba_1920-600x400.png 600w, https:\/\/www.intelka.net\/wp-content\/uploads\/2022\/07\/iphone-g67a03e5ba_1920-18x12.png 18w, https:\/\/www.intelka.net\/wp-content\/uploads\/2022\/07\/iphone-g67a03e5ba_1920.png 1920w\" sizes=\"auto, (max-width: 1024px) 100vw, 1024px\" \/><\/figure><div class=\"wp-block-media-text__content\">\n<h2 class=\"wp-block-heading has-text-align-center eplus-wrapper has-x-large-font-size\">Aktualizacje urz\u0105dze\u0144<\/h2>\n\n\n\n<p class=\"has-text-align-center eplus-wrapper\"><a href=\"https:\/\/www.intelka.net\/wp-content\/uploads\/2022\/09\/SW01-V1.2.zip\">SW-01 | Wersja 1.2<\/a><\/p>\n<\/div><\/div>\n\n\n\n<div style=\"height:100px\" aria-hidden=\"true\" class=\"wp-block-spacer eplus-wrapper\"><\/div>\n\n\n\n<div class=\"wp-block-media-text alignwide has-media-on-the-right is-stacked-on-mobile eplus-wrapper\"><div class=\"wp-block-media-text__content\">\n<h2 class=\"wp-block-heading has-text-align-center eplus-wrapper has-x-large-font-size\">Instrukcje<\/h2>\n\n\n\n<p class=\"has-text-align-center eplus-wrapper\">Inteligentny prze\u0142\u0105cznik \u015bcienny | SW-01 | Wersja 1.0<\/p>\n<\/div><figure class=\"wp-block-media-text__media\"><img loading=\"lazy\" decoding=\"async\" width=\"1024\" height=\"556\" src=\"https:\/\/www.intelka.net\/wp-content\/uploads\/2022\/07\/books-gd2c659a43_1920-1024x556.png\" alt=\"\" class=\"wp-image-1457 size-full\" srcset=\"https:\/\/www.intelka.net\/wp-content\/uploads\/2022\/07\/books-gd2c659a43_1920-1024x556.png 1024w, https:\/\/www.intelka.net\/wp-content\/uploads\/2022\/07\/books-gd2c659a43_1920-300x163.png 300w, https:\/\/www.intelka.net\/wp-content\/uploads\/2022\/07\/books-gd2c659a43_1920-768x417.png 768w, https:\/\/www.intelka.net\/wp-content\/uploads\/2022\/07\/books-gd2c659a43_1920-1536x834.png 1536w, https:\/\/www.intelka.net\/wp-content\/uploads\/2022\/07\/books-gd2c659a43_1920-600x326.png 600w, https:\/\/www.intelka.net\/wp-content\/uploads\/2022\/07\/books-gd2c659a43_1920-18x10.png 18w, https:\/\/www.intelka.net\/wp-content\/uploads\/2022\/07\/books-gd2c659a43_1920.png 1920w\" sizes=\"auto, (max-width: 1024px) 100vw, 1024px\" \/><\/figure><\/div>\n\n\n\n<div style=\"height:50px\" aria-hidden=\"true\" class=\"wp-block-spacer eplus-wrapper\"><\/div>\n\n\n\n<h2 class=\"wp-block-heading has-text-align-center eplus-wrapper has-x-large-font-size\">Cz\u0119sto Zadawane Pytania<\/h2>\n\n\n\n<div style=\"height:50px\" aria-hidden=\"true\" class=\"wp-block-spacer eplus-wrapper\"><\/div>\n\n\n\n<p><strong>Q: Can I add IntelKA devices to my system by myself?<\/strong><\/p>\n\n\n\n<p>A: Yes, you can. IntelKA devices are simple to add and require just a few simple steps, which are explained in the user manual and\u00a0<a href=\"https:\/\/www.intelka.net\/pl\/smart-wall-switch\/\">stronie instalacji<\/a>Je\u015bli nie jeste\u015b pewien, po prostu zadzwo\u0144 do lokalnego elektryka i b\u0105d\u017a gotowy w ci\u0105gu kilku minut. <\/p>\n\n\n\n<p><strong>Q: If I switch internet provider or change my network (Router, AP, Modem\u2026), will the system need to be setup all over again?<\/strong><\/p>\n\n\n\n<p>A: All of the systems parameters and configurations will be saved, but you will have to reconnect the smart hub to the new wifi router.<\/p>\n\n\n\n<p><strong>Q: If there will be a power shortage, will the system need to be setup all over again?<\/strong><\/p>\n\n\n\n<p>A: No. Once the system is setup, everything will be saved on the smart hub, so once the power will come back, the system will be back to normal.<\/p>\n\n\n\n<p><\/p>","protected":false},"excerpt":{"rendered":"<p>Device Updates SW-01 | Version 1.2 Manuals Smart Wall Switch | SW-01 | Version 1.0 Frequently Asked Questions Q: Can I add IntelKA devices to my system by myself? A: Yes, you can. IntelKA devices are simple to add and require just a few simple steps, which are explained in the user manual and\u00a0installation section. &hellip; <\/p>\n<p class=\"link-more\"><a href=\"https:\/\/www.intelka.net\/pl\/support\/\" class=\"more-link\">Read more<span class=\"screen-reader-text\"> &#8220;Support&#8221;<\/span><\/a><\/p>","protected":false},"author":1,"featured_media":0,"parent":0,"menu_order":0,"comment_status":"closed","ping_status":"closed","template":"","meta":{"inspiro_hide_title":false,"footnotes":""},"class_list":["post-308","page","type-page","status-publish","hentry"],"yoast_head":"<!-- This site is optimized with the Yoast SEO plugin v27.3 - https:\/\/yoast.com\/product\/yoast-seo-wordpress\/ -->\n<title>Support - Intelka<\/title>\n<meta name=\"robots\" content=\"index, follow, max-snippet:-1, max-image-preview:large, max-video-preview:-1\" \/>\n<link rel=\"canonical\" href=\"https:\/\/www.intelka.net\/pl\/support\/\" \/>\n<meta property=\"og:locale\" content=\"pl_PL\" \/>\n<meta property=\"og:type\" content=\"article\" \/>\n<meta property=\"og:title\" content=\"Support - Intelka\" \/>\n<meta property=\"og:description\" content=\"Device Updates SW-01 | Version 1.2 Manuals Smart Wall Switch | SW-01 | Version 1.0 Frequently Asked Questions Q: Can I add IntelKA devices to my system by myself? A: Yes, you can. IntelKA devices are simple to add and require just a few simple steps, which are explained in the user manual and\u00a0installation section. &hellip; Read more &quot;Support&quot;\" \/>\n<meta property=\"og:url\" content=\"https:\/\/www.intelka.net\/pl\/support\/\" \/>\n<meta property=\"og:site_name\" content=\"Intelka\" \/>\n<meta property=\"article:modified_time\" content=\"2026-02-12T17:16:02+00:00\" \/>\n<meta property=\"og:image\" content=\"https:\/\/www.intelka.net\/wp-content\/uploads\/2022\/07\/iphone-g67a03e5ba_1920.png\" \/>\n\t<meta property=\"og:image:width\" content=\"1920\" \/>\n\t<meta property=\"og:image:height\" content=\"1280\" \/>\n\t<meta property=\"og:image:type\" content=\"image\/png\" \/>\n<meta name=\"twitter:card\" content=\"summary_large_image\" \/>\n<meta name=\"twitter:label1\" content=\"Szacowany czas czytania\" \/>\n\t<meta name=\"twitter:data1\" content=\"2 minuty\" \/>\n<script type=\"application\/ld+json\" class=\"yoast-schema-graph\">{\"@context\":\"https:\\\/\\\/schema.org\",\"@graph\":[{\"@type\":\"WebPage\",\"@id\":\"https:\\\/\\\/www.intelka.net\\\/support\\\/\",\"url\":\"https:\\\/\\\/www.intelka.net\\\/support\\\/\",\"name\":\"Support - Intelka\",\"isPartOf\":{\"@id\":\"https:\\\/\\\/www.intelka.net\\\/#website\"},\"primaryImageOfPage\":{\"@id\":\"https:\\\/\\\/www.intelka.net\\\/support\\\/#primaryimage\"},\"image\":{\"@id\":\"https:\\\/\\\/www.intelka.net\\\/support\\\/#primaryimage\"},\"thumbnailUrl\":\"https:\\\/\\\/www.intelka.net\\\/wp-content\\\/uploads\\\/2022\\\/07\\\/iphone-g67a03e5ba_1920-1024x683.png\",\"datePublished\":\"2021-11-08T11:19:54+00:00\",\"dateModified\":\"2026-02-12T17:16:02+00:00\",\"breadcrumb\":{\"@id\":\"https:\\\/\\\/www.intelka.net\\\/support\\\/#breadcrumb\"},\"inLanguage\":\"pl-PL\",\"potentialAction\":[{\"@type\":\"ReadAction\",\"target\":[\"https:\\\/\\\/www.intelka.net\\\/support\\\/\"]}]},{\"@type\":\"ImageObject\",\"inLanguage\":\"pl-PL\",\"@id\":\"https:\\\/\\\/www.intelka.net\\\/support\\\/#primaryimage\",\"url\":\"https:\\\/\\\/www.intelka.net\\\/wp-content\\\/uploads\\\/2022\\\/07\\\/iphone-g67a03e5ba_1920-1024x683.png\",\"contentUrl\":\"https:\\\/\\\/www.intelka.net\\\/wp-content\\\/uploads\\\/2022\\\/07\\\/iphone-g67a03e5ba_1920-1024x683.png\"},{\"@type\":\"BreadcrumbList\",\"@id\":\"https:\\\/\\\/www.intelka.net\\\/support\\\/#breadcrumb\",\"itemListElement\":[{\"@type\":\"ListItem\",\"position\":1,\"name\":\"Home\",\"item\":\"https:\\\/\\\/www.intelka.net\\\/\"},{\"@type\":\"ListItem\",\"position\":2,\"name\":\"Support\"}]},{\"@type\":\"WebSite\",\"@id\":\"https:\\\/\\\/www.intelka.net\\\/#website\",\"url\":\"https:\\\/\\\/www.intelka.net\\\/\",\"name\":\"Intelka\",\"description\":\"Connect Smart Way\",\"publisher\":{\"@id\":\"https:\\\/\\\/www.intelka.net\\\/#organization\"},\"potentialAction\":[{\"@type\":\"SearchAction\",\"target\":{\"@type\":\"EntryPoint\",\"urlTemplate\":\"https:\\\/\\\/www.intelka.net\\\/?s={search_term_string}\"},\"query-input\":{\"@type\":\"PropertyValueSpecification\",\"valueRequired\":true,\"valueName\":\"search_term_string\"}}],\"inLanguage\":\"pl-PL\"},{\"@type\":\"Organization\",\"@id\":\"https:\\\/\\\/www.intelka.net\\\/#organization\",\"name\":\"Intelka\",\"url\":\"https:\\\/\\\/www.intelka.net\\\/\",\"logo\":{\"@type\":\"ImageObject\",\"inLanguage\":\"pl-PL\",\"@id\":\"https:\\\/\\\/www.intelka.net\\\/#\\\/schema\\\/logo\\\/image\\\/\",\"url\":\"https:\\\/\\\/www.intelka.net\\\/wp-content\\\/uploads\\\/2022\\\/07\\\/cropped-IntelkaLogoVectorSiteIdentity200-1.png\",\"contentUrl\":\"https:\\\/\\\/www.intelka.net\\\/wp-content\\\/uploads\\\/2022\\\/07\\\/cropped-IntelkaLogoVectorSiteIdentity200-1.png\",\"width\":200,\"height\":49,\"caption\":\"Intelka\"},\"image\":{\"@id\":\"https:\\\/\\\/www.intelka.net\\\/#\\\/schema\\\/logo\\\/image\\\/\"}}]}<\/script>\n<!-- \/ Yoast SEO plugin. -->","yoast_head_json":{"title":"Support - Intelka","robots":{"index":"index","follow":"follow","max-snippet":"max-snippet:-1","max-image-preview":"max-image-preview:large","max-video-preview":"max-video-preview:-1"},"canonical":"https:\/\/www.intelka.net\/pl\/support\/","og_locale":"pl_PL","og_type":"article","og_title":"Support - Intelka","og_description":"Device Updates SW-01 | Version 1.2 Manuals Smart Wall Switch | SW-01 | Version 1.0 Frequently Asked Questions Q: Can I add IntelKA devices to my system by myself? A: Yes, you can. IntelKA devices are simple to add and require just a few simple steps, which are explained in the user manual and\u00a0installation section. &hellip; Read more \"Support\"","og_url":"https:\/\/www.intelka.net\/pl\/support\/","og_site_name":"Intelka","article_modified_time":"2026-02-12T17:16:02+00:00","og_image":[{"width":1920,"height":1280,"url":"https:\/\/www.intelka.net\/wp-content\/uploads\/2022\/07\/iphone-g67a03e5ba_1920.png","type":"image\/png"}],"twitter_card":"summary_large_image","twitter_misc":{"Szacowany czas czytania":"2 minuty"},"schema":{"@context":"https:\/\/schema.org","@graph":[{"@type":"WebPage","@id":"https:\/\/www.intelka.net\/support\/","url":"https:\/\/www.intelka.net\/support\/","name":"Support - Intelka","isPartOf":{"@id":"https:\/\/www.intelka.net\/#website"},"primaryImageOfPage":{"@id":"https:\/\/www.intelka.net\/support\/#primaryimage"},"image":{"@id":"https:\/\/www.intelka.net\/support\/#primaryimage"},"thumbnailUrl":"https:\/\/www.intelka.net\/wp-content\/uploads\/2022\/07\/iphone-g67a03e5ba_1920-1024x683.png","datePublished":"2021-11-08T11:19:54+00:00","dateModified":"2026-02-12T17:16:02+00:00","breadcrumb":{"@id":"https:\/\/www.intelka.net\/support\/#breadcrumb"},"inLanguage":"pl-PL","potentialAction":[{"@type":"ReadAction","target":["https:\/\/www.intelka.net\/support\/"]}]},{"@type":"ImageObject","inLanguage":"pl-PL","@id":"https:\/\/www.intelka.net\/support\/#primaryimage","url":"https:\/\/www.intelka.net\/wp-content\/uploads\/2022\/07\/iphone-g67a03e5ba_1920-1024x683.png","contentUrl":"https:\/\/www.intelka.net\/wp-content\/uploads\/2022\/07\/iphone-g67a03e5ba_1920-1024x683.png"},{"@type":"BreadcrumbList","@id":"https:\/\/www.intelka.net\/support\/#breadcrumb","itemListElement":[{"@type":"ListItem","position":1,"name":"Home","item":"https:\/\/www.intelka.net\/"},{"@type":"ListItem","position":2,"name":"Support"}]},{"@type":"WebSite","@id":"https:\/\/www.intelka.net\/#website","url":"https:\/\/www.intelka.net\/","name":"Intelka","description":"Connect Smart Way","publisher":{"@id":"https:\/\/www.intelka.net\/#organization"},"potentialAction":[{"@type":"SearchAction","target":{"@type":"EntryPoint","urlTemplate":"https:\/\/www.intelka.net\/?s={search_term_string}"},"query-input":{"@type":"PropertyValueSpecification","valueRequired":true,"valueName":"search_term_string"}}],"inLanguage":"pl-PL"},{"@type":"Organization","@id":"https:\/\/www.intelka.net\/#organization","name":"Intelka","url":"https:\/\/www.intelka.net\/","logo":{"@type":"ImageObject","inLanguage":"pl-PL","@id":"https:\/\/www.intelka.net\/#\/schema\/logo\/image\/","url":"https:\/\/www.intelka.net\/wp-content\/uploads\/2022\/07\/cropped-IntelkaLogoVectorSiteIdentity200-1.png","contentUrl":"https:\/\/www.intelka.net\/wp-content\/uploads\/2022\/07\/cropped-IntelkaLogoVectorSiteIdentity200-1.png","width":200,"height":49,"caption":"Intelka"},"image":{"@id":"https:\/\/www.intelka.net\/#\/schema\/logo\/image\/"}}]}},"_links":{"self":[{"href":"https:\/\/www.intelka.net\/pl\/wp-json\/wp\/v2\/pages\/308","targetHints":{"allow":["GET"]}}],"collection":[{"href":"https:\/\/www.intelka.net\/pl\/wp-json\/wp\/v2\/pages"}],"about":[{"href":"https:\/\/www.intelka.net\/pl\/wp-json\/wp\/v2\/types\/page"}],"author":[{"embeddable":true,"href":"https:\/\/www.intelka.net\/pl\/wp-json\/wp\/v2\/users\/1"}],"replies":[{"embeddable":true,"href":"https:\/\/www.intelka.net\/pl\/wp-json\/wp\/v2\/comments?post=308"}],"version-history":[{"count":1,"href":"https:\/\/www.intelka.net\/pl\/wp-json\/wp\/v2\/pages\/308\/revisions"}],"predecessor-version":[{"id":2310,"href":"https:\/\/www.intelka.net\/pl\/wp-json\/wp\/v2\/pages\/308\/revisions\/2310"}],"wp:attachment":[{"href":"https:\/\/www.intelka.net\/pl\/wp-json\/wp\/v2\/media?parent=308"}],"curies":[{"name":"wp","href":"https:\/\/api.w.org\/{rel}","templated":true}]}}