
{"id":334,"date":"2021-11-11T13:38:09","date_gmt":"2021-11-11T13:38:09","guid":{"rendered":"https:\/\/www.intelka.net\/?page_id=334"},"modified":"2025-10-24T09:26:56","modified_gmt":"2025-10-24T08:26:56","slug":"installation","status":"publish","type":"page","link":"https:\/\/www.intelka.net\/pl\/installation\/","title":{"rendered":"Instalacja"},"content":{"rendered":"<div class=\"wp-block-group alignfull eplus-wrapper has-global-padding is-layout-constrained wp-container-core-group-is-layout-caa6f773 wp-block-group-is-layout-constrained\" style=\"padding-right:var(--wp--preset--spacing--medium);padding-left:var(--wp--preset--spacing--medium)\">\n<div style=\"height:150px\" aria-hidden=\"true\" class=\"wp-block-spacer eplus-wrapper\"><\/div>\n\n\n\n<div class=\"wp-block-media-text alignwide is-stacked-on-mobile is-vertically-aligned-top eplus-wrapper\" style=\"grid-template-columns:52% auto\"><figure class=\"wp-block-media-text__media\"><img loading=\"lazy\" decoding=\"async\" width=\"700\" height=\"465\" src=\"https:\/\/www.intelka.net\/wp-content\/uploads\/2022\/07\/cup-of-coffee-g1dbd5c153_1920.png\" alt=\"\" class=\"wp-image-1371 size-full\" srcset=\"https:\/\/www.intelka.net\/wp-content\/uploads\/2022\/07\/cup-of-coffee-g1dbd5c153_1920.png 700w, https:\/\/www.intelka.net\/wp-content\/uploads\/2022\/07\/cup-of-coffee-g1dbd5c153_1920-300x199.png 300w, https:\/\/www.intelka.net\/wp-content\/uploads\/2022\/07\/cup-of-coffee-g1dbd5c153_1920-600x399.png 600w, https:\/\/www.intelka.net\/wp-content\/uploads\/2022\/07\/cup-of-coffee-g1dbd5c153_1920-18x12.png 18w\" sizes=\"auto, (max-width: 700px) 100vw, 700px\" \/><\/figure><div class=\"wp-block-media-text__content\">\n<p class=\"has-text-align-center eplus-wrapper has-large-font-size\" style=\"line-height:1\"><strong>Zainstaluj Home Assistant<\/strong><\/p>\n\n\n\n<p>To use IntelKA Products, you&#8217;ll need a computer running an MQTT broker. You can install an MQTT broker on various operating systems, including Windows, macOS, and Linux. While we recommend using a Raspberry Pi with Home Assistant for a simple setup, you&#8217;re free to use your preferred hardware and software combination. See our guide below for Raspberry Pi setup, or visit the <a href=\"https:\/\/www.home-assistant.io\/installation\/\">Home Assistant Installation Page<\/a> for alternative configurations.<\/p>\n\n\n\n<div class=\"wp-block-buttons eplus-wrapper is-content-justification-center is-layout-flex wp-container-core-buttons-is-layout-b4821479 wp-block-buttons-is-layout-flex\">\n<div class=\"wp-block-button has-custom-width wp-block-button__width-100 is-style-outline eplus-wrapper is-style-outline--1\"><a class=\"wp-block-button__link wp-element-button\" href=\"https:\/\/www.intelka.net\/pl\/install-home-assistant-on-raspberry-pi\/\">Raspberry Pi<\/a><\/div>\n<\/div>\n<\/div><\/div>\n<\/div>\n\n\n\n<div class=\"wp-block-group alignfull has-global-padding is-layout-constrained wp-block-group-is-layout-constrained\">\n<div style=\"height:20px\" aria-hidden=\"true\" class=\"wp-block-spacer eplus-wrapper\"><\/div>\n\n\n\n<div class=\"wp-block-media-text alignwide has-media-on-the-right is-stacked-on-mobile is-vertically-aligned-top eplus-wrapper\" style=\"grid-template-columns:auto 63%\"><div class=\"wp-block-media-text__content\">\n<p class=\"eplus-wrapper has-x-large-font-size\"><strong><strong>Monta\u017c Inteligentnego Prze\u0142\u0105cznika \u015aciennego<\/strong><\/strong><\/p>\n\n\n\n<div class=\"wp-block-buttons eplus-wrapper is-content-justification-left is-layout-flex wp-container-core-buttons-is-layout-fc4fd283 wp-block-buttons-is-layout-flex\">\n<div class=\"wp-block-button has-custom-width wp-block-button__width-100 is-style-outline eplus-wrapper is-style-outline--2\"><a class=\"wp-block-button__link wp-element-button\" href=\"https:\/\/www.intelka.net\/pl\/smart-wall-switch\/\">Przewodnik krok po kroku<\/a><\/div>\n<\/div>\n<\/div><figure class=\"wp-block-media-text__media\"><img loading=\"lazy\" decoding=\"async\" width=\"1024\" height=\"681\" src=\"https:\/\/www.intelka.net\/wp-content\/uploads\/2022\/09\/wires-g87f6ba250_1920-1024x681.png\" alt=\"\" class=\"wp-image-1862 size-full\" srcset=\"https:\/\/www.intelka.net\/wp-content\/uploads\/2022\/09\/wires-g87f6ba250_1920-1024x681.png 1024w, https:\/\/www.intelka.net\/wp-content\/uploads\/2022\/09\/wires-g87f6ba250_1920-300x200.png 300w, https:\/\/www.intelka.net\/wp-content\/uploads\/2022\/09\/wires-g87f6ba250_1920-768x511.png 768w, https:\/\/www.intelka.net\/wp-content\/uploads\/2022\/09\/wires-g87f6ba250_1920-1536x1022.png 1536w, https:\/\/www.intelka.net\/wp-content\/uploads\/2022\/09\/wires-g87f6ba250_1920-600x399.png 600w, https:\/\/www.intelka.net\/wp-content\/uploads\/2022\/09\/wires-g87f6ba250_1920-18x12.png 18w, https:\/\/www.intelka.net\/wp-content\/uploads\/2022\/09\/wires-g87f6ba250_1920.png 1920w\" sizes=\"auto, (max-width: 1024px) 100vw, 1024px\" \/><\/figure><\/div>\n<\/div>","protected":false},"excerpt":{"rendered":"<p>Install Home Assistant To use IntelKA Products, you&#8217;ll need a computer running an MQTT broker. You can install an MQTT broker on various operating systems, including Windows, macOS, and Linux. While we recommend using a Raspberry Pi with Home Assistant for a simple setup, you&#8217;re free to use your preferred hardware and software combination. See &hellip; <\/p>\n<p class=\"link-more\"><a href=\"https:\/\/www.intelka.net\/pl\/installation\/\" class=\"more-link\">Read more<span class=\"screen-reader-text\"> &#8220;Installation&#8221;<\/span><\/a><\/p>","protected":false},"author":1,"featured_media":0,"parent":0,"menu_order":0,"comment_status":"closed","ping_status":"closed","template":"page-templates\/full-width-no-title.php","meta":{"inspiro_hide_title":false,"footnotes":""},"class_list":["post-334","page","type-page","status-publish","hentry"],"yoast_head":"<!-- This site is optimized with the Yoast SEO plugin v27.3 - https:\/\/yoast.com\/product\/yoast-seo-wordpress\/ -->\n<title>Installation - Intelka<\/title>\n<meta name=\"robots\" content=\"index, follow, max-snippet:-1, max-image-preview:large, max-video-preview:-1\" \/>\n<link rel=\"canonical\" href=\"https:\/\/www.intelka.net\/pl\/installation\/\" \/>\n<meta property=\"og:locale\" content=\"pl_PL\" \/>\n<meta property=\"og:type\" content=\"article\" \/>\n<meta property=\"og:title\" content=\"Installation - Intelka\" \/>\n<meta property=\"og:description\" content=\"Install Home Assistant To use IntelKA Products, you&#8217;ll need a computer running an MQTT broker. You can install an MQTT broker on various operating systems, including Windows, macOS, and Linux. While we recommend using a Raspberry Pi with Home Assistant for a simple setup, you&#8217;re free to use your preferred hardware and software combination. See &hellip; Read more &quot;Installation&quot;\" \/>\n<meta property=\"og:url\" content=\"https:\/\/www.intelka.net\/pl\/installation\/\" \/>\n<meta property=\"og:site_name\" content=\"Intelka\" \/>\n<meta property=\"article:modified_time\" content=\"2025-10-24T08:26:56+00:00\" \/>\n<meta property=\"og:image\" content=\"https:\/\/www.intelka.net\/wp-content\/uploads\/2022\/07\/cup-of-coffee-g1dbd5c153_1920.png\" \/>\n\t<meta property=\"og:image:width\" content=\"700\" \/>\n\t<meta property=\"og:image:height\" content=\"465\" \/>\n\t<meta property=\"og:image:type\" content=\"image\/png\" \/>\n<meta name=\"twitter:card\" content=\"summary_large_image\" \/>\n<meta name=\"twitter:label1\" content=\"Szacowany czas czytania\" \/>\n\t<meta name=\"twitter:data1\" content=\"1 minuta\" \/>\n<script type=\"application\/ld+json\" class=\"yoast-schema-graph\">{\"@context\":\"https:\\\/\\\/schema.org\",\"@graph\":[{\"@type\":\"WebPage\",\"@id\":\"https:\\\/\\\/www.intelka.net\\\/installation\\\/\",\"url\":\"https:\\\/\\\/www.intelka.net\\\/installation\\\/\",\"name\":\"Installation - Intelka\",\"isPartOf\":{\"@id\":\"https:\\\/\\\/www.intelka.net\\\/#website\"},\"primaryImageOfPage\":{\"@id\":\"https:\\\/\\\/www.intelka.net\\\/installation\\\/#primaryimage\"},\"image\":{\"@id\":\"https:\\\/\\\/www.intelka.net\\\/installation\\\/#primaryimage\"},\"thumbnailUrl\":\"https:\\\/\\\/www.intelka.net\\\/wp-content\\\/uploads\\\/2022\\\/07\\\/cup-of-coffee-g1dbd5c153_1920.png\",\"datePublished\":\"2021-11-11T13:38:09+00:00\",\"dateModified\":\"2025-10-24T08:26:56+00:00\",\"breadcrumb\":{\"@id\":\"https:\\\/\\\/www.intelka.net\\\/installation\\\/#breadcrumb\"},\"inLanguage\":\"pl-PL\",\"potentialAction\":[{\"@type\":\"ReadAction\",\"target\":[\"https:\\\/\\\/www.intelka.net\\\/installation\\\/\"]}]},{\"@type\":\"ImageObject\",\"inLanguage\":\"pl-PL\",\"@id\":\"https:\\\/\\\/www.intelka.net\\\/installation\\\/#primaryimage\",\"url\":\"https:\\\/\\\/www.intelka.net\\\/wp-content\\\/uploads\\\/2022\\\/07\\\/cup-of-coffee-g1dbd5c153_1920.png\",\"contentUrl\":\"https:\\\/\\\/www.intelka.net\\\/wp-content\\\/uploads\\\/2022\\\/07\\\/cup-of-coffee-g1dbd5c153_1920.png\"},{\"@type\":\"BreadcrumbList\",\"@id\":\"https:\\\/\\\/www.intelka.net\\\/installation\\\/#breadcrumb\",\"itemListElement\":[{\"@type\":\"ListItem\",\"position\":1,\"name\":\"Home\",\"item\":\"https:\\\/\\\/www.intelka.net\\\/\"},{\"@type\":\"ListItem\",\"position\":2,\"name\":\"Installation\"}]},{\"@type\":\"WebSite\",\"@id\":\"https:\\\/\\\/www.intelka.net\\\/#website\",\"url\":\"https:\\\/\\\/www.intelka.net\\\/\",\"name\":\"Intelka\",\"description\":\"Connect Smart Way\",\"publisher\":{\"@id\":\"https:\\\/\\\/www.intelka.net\\\/#organization\"},\"potentialAction\":[{\"@type\":\"SearchAction\",\"target\":{\"@type\":\"EntryPoint\",\"urlTemplate\":\"https:\\\/\\\/www.intelka.net\\\/?s={search_term_string}\"},\"query-input\":{\"@type\":\"PropertyValueSpecification\",\"valueRequired\":true,\"valueName\":\"search_term_string\"}}],\"inLanguage\":\"pl-PL\"},{\"@type\":\"Organization\",\"@id\":\"https:\\\/\\\/www.intelka.net\\\/#organization\",\"name\":\"Intelka\",\"url\":\"https:\\\/\\\/www.intelka.net\\\/\",\"logo\":{\"@type\":\"ImageObject\",\"inLanguage\":\"pl-PL\",\"@id\":\"https:\\\/\\\/www.intelka.net\\\/#\\\/schema\\\/logo\\\/image\\\/\",\"url\":\"https:\\\/\\\/www.intelka.net\\\/wp-content\\\/uploads\\\/2022\\\/07\\\/cropped-IntelkaLogoVectorSiteIdentity200-1.png\",\"contentUrl\":\"https:\\\/\\\/www.intelka.net\\\/wp-content\\\/uploads\\\/2022\\\/07\\\/cropped-IntelkaLogoVectorSiteIdentity200-1.png\",\"width\":200,\"height\":49,\"caption\":\"Intelka\"},\"image\":{\"@id\":\"https:\\\/\\\/www.intelka.net\\\/#\\\/schema\\\/logo\\\/image\\\/\"}}]}<\/script>\n<!-- \/ Yoast SEO plugin. -->","yoast_head_json":{"title":"Installation - Intelka","robots":{"index":"index","follow":"follow","max-snippet":"max-snippet:-1","max-image-preview":"max-image-preview:large","max-video-preview":"max-video-preview:-1"},"canonical":"https:\/\/www.intelka.net\/pl\/installation\/","og_locale":"pl_PL","og_type":"article","og_title":"Installation - Intelka","og_description":"Install Home Assistant To use IntelKA Products, you&#8217;ll need a computer running an MQTT broker. You can install an MQTT broker on various operating systems, including Windows, macOS, and Linux. While we recommend using a Raspberry Pi with Home Assistant for a simple setup, you&#8217;re free to use your preferred hardware and software combination. See &hellip; Read more \"Installation\"","og_url":"https:\/\/www.intelka.net\/pl\/installation\/","og_site_name":"Intelka","article_modified_time":"2025-10-24T08:26:56+00:00","og_image":[{"width":700,"height":465,"url":"https:\/\/www.intelka.net\/wp-content\/uploads\/2022\/07\/cup-of-coffee-g1dbd5c153_1920.png","type":"image\/png"}],"twitter_card":"summary_large_image","twitter_misc":{"Szacowany czas czytania":"1 minuta"},"schema":{"@context":"https:\/\/schema.org","@graph":[{"@type":"WebPage","@id":"https:\/\/www.intelka.net\/installation\/","url":"https:\/\/www.intelka.net\/installation\/","name":"Installation - Intelka","isPartOf":{"@id":"https:\/\/www.intelka.net\/#website"},"primaryImageOfPage":{"@id":"https:\/\/www.intelka.net\/installation\/#primaryimage"},"image":{"@id":"https:\/\/www.intelka.net\/installation\/#primaryimage"},"thumbnailUrl":"https:\/\/www.intelka.net\/wp-content\/uploads\/2022\/07\/cup-of-coffee-g1dbd5c153_1920.png","datePublished":"2021-11-11T13:38:09+00:00","dateModified":"2025-10-24T08:26:56+00:00","breadcrumb":{"@id":"https:\/\/www.intelka.net\/installation\/#breadcrumb"},"inLanguage":"pl-PL","potentialAction":[{"@type":"ReadAction","target":["https:\/\/www.intelka.net\/installation\/"]}]},{"@type":"ImageObject","inLanguage":"pl-PL","@id":"https:\/\/www.intelka.net\/installation\/#primaryimage","url":"https:\/\/www.intelka.net\/wp-content\/uploads\/2022\/07\/cup-of-coffee-g1dbd5c153_1920.png","contentUrl":"https:\/\/www.intelka.net\/wp-content\/uploads\/2022\/07\/cup-of-coffee-g1dbd5c153_1920.png"},{"@type":"BreadcrumbList","@id":"https:\/\/www.intelka.net\/installation\/#breadcrumb","itemListElement":[{"@type":"ListItem","position":1,"name":"Home","item":"https:\/\/www.intelka.net\/"},{"@type":"ListItem","position":2,"name":"Installation"}]},{"@type":"WebSite","@id":"https:\/\/www.intelka.net\/#website","url":"https:\/\/www.intelka.net\/","name":"Intelka","description":"Connect Smart Way","publisher":{"@id":"https:\/\/www.intelka.net\/#organization"},"potentialAction":[{"@type":"SearchAction","target":{"@type":"EntryPoint","urlTemplate":"https:\/\/www.intelka.net\/?s={search_term_string}"},"query-input":{"@type":"PropertyValueSpecification","valueRequired":true,"valueName":"search_term_string"}}],"inLanguage":"pl-PL"},{"@type":"Organization","@id":"https:\/\/www.intelka.net\/#organization","name":"Intelka","url":"https:\/\/www.intelka.net\/","logo":{"@type":"ImageObject","inLanguage":"pl-PL","@id":"https:\/\/www.intelka.net\/#\/schema\/logo\/image\/","url":"https:\/\/www.intelka.net\/wp-content\/uploads\/2022\/07\/cropped-IntelkaLogoVectorSiteIdentity200-1.png","contentUrl":"https:\/\/www.intelka.net\/wp-content\/uploads\/2022\/07\/cropped-IntelkaLogoVectorSiteIdentity200-1.png","width":200,"height":49,"caption":"Intelka"},"image":{"@id":"https:\/\/www.intelka.net\/#\/schema\/logo\/image\/"}}]}},"_links":{"self":[{"href":"https:\/\/www.intelka.net\/pl\/wp-json\/wp\/v2\/pages\/334","targetHints":{"allow":["GET"]}}],"collection":[{"href":"https:\/\/www.intelka.net\/pl\/wp-json\/wp\/v2\/pages"}],"about":[{"href":"https:\/\/www.intelka.net\/pl\/wp-json\/wp\/v2\/types\/page"}],"author":[{"embeddable":true,"href":"https:\/\/www.intelka.net\/pl\/wp-json\/wp\/v2\/users\/1"}],"replies":[{"embeddable":true,"href":"https:\/\/www.intelka.net\/pl\/wp-json\/wp\/v2\/comments?post=334"}],"version-history":[{"count":10,"href":"https:\/\/www.intelka.net\/pl\/wp-json\/wp\/v2\/pages\/334\/revisions"}],"predecessor-version":[{"id":2298,"href":"https:\/\/www.intelka.net\/pl\/wp-json\/wp\/v2\/pages\/334\/revisions\/2298"}],"wp:attachment":[{"href":"https:\/\/www.intelka.net\/pl\/wp-json\/wp\/v2\/media?parent=334"}],"curies":[{"name":"wp","href":"https:\/\/api.w.org\/{rel}","templated":true}]}}