
{"id":335,"date":"2021-11-11T13:38:09","date_gmt":"2021-11-11T13:38:09","guid":{"rendered":"https:\/\/www.intelka.net\/?page_id=335"},"modified":"2023-07-22T17:59:08","modified_gmt":"2023-07-22T16:59:08","slug":"contact-us","status":"publish","type":"page","link":"https:\/\/www.intelka.net\/pl\/contact-us\/","title":{"rendered":"Kontakt"},"content":{"rendered":"\n<div class=\"wp-block-group alignfull eplus-wrapper has-white-background-color has-background is-layout-flow wp-block-group-is-layout-flow\">\n<div class=\"wp-block-group eplus-wrapper is-layout-flow wp-block-group-is-layout-flow\">\n<div style=\"height:50px\" aria-hidden=\"true\" class=\"wp-block-spacer eplus-wrapper\"><\/div>\n\n\n\n<h2 class=\"wp-block-heading has-text-align-center eplus-wrapper has-x-large-font-size\">Contact Us<\/h2>\n\n\n\n<div style=\"height:50px\" aria-hidden=\"true\" class=\"wp-block-spacer eplus-wrapper\"><\/div>\n\n\n\n<p class=\"eplus-wrapper\">We would love to answer all of your questions. Please contact us via the form below, send us an email or give us a call through the provided phone.<\/p>\n<\/div>\n\n\n\n<div class=\"wp-block-media-text alignwide is-stacked-on-mobile eplus-wrapper\" style=\"grid-template-columns:55% auto\"><figure class=\"wp-block-media-text__media\"><img loading=\"lazy\" decoding=\"async\" width=\"1024\" height=\"683\" src=\"https:\/\/www.intelka.net\/wp-content\/uploads\/2022\/07\/laptop-gc9ddb237a_1920-1024x683.png\" alt=\"\" class=\"wp-image-1399 size-full\" srcset=\"https:\/\/www.intelka.net\/wp-content\/uploads\/2022\/07\/laptop-gc9ddb237a_1920-1024x683.png 1024w, https:\/\/www.intelka.net\/wp-content\/uploads\/2022\/07\/laptop-gc9ddb237a_1920-300x200.png 300w, https:\/\/www.intelka.net\/wp-content\/uploads\/2022\/07\/laptop-gc9ddb237a_1920-768x512.png 768w, https:\/\/www.intelka.net\/wp-content\/uploads\/2022\/07\/laptop-gc9ddb237a_1920-1536x1024.png 1536w, https:\/\/www.intelka.net\/wp-content\/uploads\/2022\/07\/laptop-gc9ddb237a_1920-600x400.png 600w, https:\/\/www.intelka.net\/wp-content\/uploads\/2022\/07\/laptop-gc9ddb237a_1920-18x12.png 18w, https:\/\/www.intelka.net\/wp-content\/uploads\/2022\/07\/laptop-gc9ddb237a_1920.png 1920w\" sizes=\"auto, (max-width: 1024px) 100vw, 1024px\" \/><\/figure><div class=\"wp-block-media-text__content\"><div class=\"wpforms-container wpforms-container-full wpforms-block wpforms-block-ec50bf69-1ec3-47c0-84b1-09d99b690c57 wpforms-render-modern\" id=\"wpforms-2208\"><form id=\"wpforms-form-2208\" class=\"wpforms-validate wpforms-form wpforms-ajax-form\" data-formid=\"2208\" method=\"post\" enctype=\"multipart\/form-data\" action=\"\/pl\/wp-json\/wp\/v2\/pages\/335\" data-token=\"b7029371e600586c499b7796927c76bb\" data-token-time=\"1777510267\"><noscript class=\"wpforms-error-noscript\">Aby wype\u0142ni\u0107 ten formularz, w\u0142\u0105cz obs\u0142ug\u0119 JavaScript w przegl\u0105darce.<\/noscript><div id=\"wpforms-error-noscript\" style=\"display: none;\">Aby wype\u0142ni\u0107 ten formularz, w\u0142\u0105cz obs\u0142ug\u0119 JavaScript w przegl\u0105darce.<\/div><div class=\"wpforms-field-container\"><div id=\"wpforms-2208-field_0-container\" class=\"wpforms-field wpforms-field-name\" data-field-id=\"0\"><fieldset><legend class=\"wpforms-field-label\">Name <span class=\"wpforms-required-label\" aria-hidden=\"true\">*<\/span><\/legend><div class=\"wpforms-field-row wpforms-field-medium\"><div class=\"wpforms-field-row-block wpforms-first wpforms-one-half\"><input type=\"text\" id=\"wpforms-2208-field_0\" class=\"wpforms-field-name-first wpforms-field-required\" name=\"wpforms[fields][0][first]\" aria-errormessage=\"wpforms-2208-field_0-error\" required><label for=\"wpforms-2208-field_0\" class=\"wpforms-field-sublabel after\">Pierwszy<\/label><\/div><div class=\"wpforms-field-row-block wpforms-one-half\"><input type=\"text\" id=\"wpforms-2208-field_0-last\" class=\"wpforms-field-name-last wpforms-field-required\" name=\"wpforms[fields][0][last]\" aria-errormessage=\"wpforms-2208-field_0-last-error\" required><label for=\"wpforms-2208-field_0-last\" class=\"wpforms-field-sublabel after\">Ostatni<\/label><\/div><\/div><\/fieldset><\/div><div id=\"wpforms-2208-field_1-container\" class=\"wpforms-field wpforms-field-email\" data-field-id=\"1\"><label class=\"wpforms-field-label\" for=\"wpforms-2208-field_1\">Email <span class=\"wpforms-required-label\" aria-hidden=\"true\">*<\/span><\/label><input type=\"email\" id=\"wpforms-2208-field_1\" class=\"wpforms-field-medium wpforms-field-required\" name=\"wpforms[fields][1]\" spellcheck=\"false\" aria-errormessage=\"wpforms-2208-field_1-error\" required><\/div><div id=\"wpforms-2208-field_2-container\" class=\"wpforms-field wpforms-field-textarea\" data-field-id=\"2\"><label class=\"wpforms-field-label\" for=\"wpforms-2208-field_2\">Comment or Message<\/label><textarea id=\"wpforms-2208-field_2\" class=\"wpforms-field-medium\" name=\"wpforms[fields][2]\" aria-errormessage=\"wpforms-2208-field_2-error\" ><\/textarea><\/div><\/div><!-- .wpforms-field-container --><div class=\"wpforms-recaptcha-container wpforms-is-recaptcha wpforms-is-recaptcha-type-v3\" ><input type=\"hidden\" name=\"wpforms[recaptcha]\" value=\"\"><\/div><div class=\"wpforms-submit-container\" ><input type=\"hidden\" name=\"wpforms[id]\" value=\"2208\"><input type=\"hidden\" name=\"page_title\" value=\"\"><input type=\"hidden\" name=\"page_url\" value=\"https:\/\/www.intelka.net\/pl\/wp-json\/wp\/v2\/pages\/335\"><input type=\"hidden\" name=\"url_referer\" value=\"\"><button type=\"submit\" name=\"wpforms[submit]\" id=\"wpforms-submit-2208\" class=\"wpforms-submit\" data-alt-text=\"Sending...\" data-submit-text=\"Submit\" aria-live=\"assertive\" value=\"wpforms-submit\">Submit<\/button><img loading=\"lazy\" decoding=\"async\" src=\"https:\/\/www.intelka.net\/wp-content\/plugins\/wpforms-lite\/assets\/images\/submit-spin.svg\" class=\"wpforms-submit-spinner\" style=\"display: none;\" width=\"26\" height=\"26\" alt=\"Wczytywanie\"><\/div><\/form><\/div>  <!-- .wpforms-container --><\/div><\/div>\n\n\n\n<div style=\"height:100px\" aria-hidden=\"true\" class=\"wp-block-spacer eplus-wrapper\"><\/div>\n\n\n\n<div class=\"wp-block-columns eplus-wrapper has-white-background-color has-text-color has-background is-layout-flex wp-container-core-columns-is-layout-28f84493 wp-block-columns-is-layout-flex\" style=\"color:#313131\">\n<div class=\"wp-block-column eplus-wrapper is-layout-flow wp-block-column-is-layout-flow\" style=\"flex-basis:50%\">\n<h2 class=\"wp-block-heading eplus-wrapper has-x-large-font-size\">Email<\/h2>\n\n\n\n<div class=\"wp-block-jetpack-contact-info has-black-color has-text-color\">\n\n<div class=\"wp-block-jetpack-email\"><a href=\"mailto:contact@intelka.com\">contact@intelka.com<\/a><\/div>\n\n\n<h3 class=\"has-x-large-font-size eplus-wrapper wp-block-heading\">Phone<\/h3>\n\n\n<div class=\"wp-block-jetpack-phone\"><a href=\"tel:+48730016923\">+48 730 016 923<\/a><\/div>\n\n\n<div class=\"wp-block-jetpack-phone\"><a href=\"tel:+48796530643\">+48 796 530 643<\/a><\/div>\n\n\n<h3 class=\"has-x-large-font-size eplus-wrapper wp-block-heading\">Address<\/h3>\n\n\n<div class=\"wp-block-jetpack-address\"><a href=\"https:\/\/www.google.com\/maps\/search\/Kaszubska+9,19,+Wroclaw,+50-214+Poland\" target=\"_blank\" rel=\"noopener noreferrer\" title=\"Open address in Google Maps\"><div class=\"jetpack-address__address jetpack-address__address1\">Kaszubska 9<\/div><div class=\"jetpack-address__address jetpack-address__address2\">19<\/div><div><span class=\"jetpack-address__city\">Wroclaw<\/span>, <span class=\"jetpack-address__region\"><\/span> <span class=\"jetpack-address__postal\">50-214<\/span><\/div><div class=\"jetpack-address__country\">Poland<\/div><\/a><\/div>\n\n<\/div>\n<\/div>\n<\/div>\n<\/div>\n","protected":false},"excerpt":{"rendered":"<p>Contact Us We would love to answer all of your questions. Please contact us via the form below, send us an email or give us a call through the provided phone. Email<\/p>","protected":false},"author":1,"featured_media":0,"parent":0,"menu_order":0,"comment_status":"closed","ping_status":"closed","template":"page-templates\/full-width-no-title.php","meta":{"inspiro_hide_title":false,"footnotes":""},"class_list":["post-335","page","type-page","status-publish","hentry"],"yoast_head":"<!-- This site is optimized with the Yoast SEO plugin v27.3 - https:\/\/yoast.com\/product\/yoast-seo-wordpress\/ -->\n<title>Contact Us - Intelka<\/title>\n<meta name=\"robots\" content=\"index, follow, max-snippet:-1, max-image-preview:large, max-video-preview:-1\" \/>\n<link rel=\"canonical\" href=\"https:\/\/www.intelka.net\/pl\/contact-us\/\" \/>\n<meta property=\"og:locale\" content=\"pl_PL\" \/>\n<meta property=\"og:type\" content=\"article\" \/>\n<meta property=\"og:title\" content=\"Contact Us - Intelka\" \/>\n<meta property=\"og:description\" content=\"Contact Us We would love to answer all of your questions. Please contact us via the form below, send us an email or give us a call through the provided phone. Email\" \/>\n<meta property=\"og:url\" content=\"https:\/\/www.intelka.net\/pl\/contact-us\/\" \/>\n<meta property=\"og:site_name\" content=\"Intelka\" \/>\n<meta property=\"article:modified_time\" content=\"2023-07-22T16:59:08+00:00\" \/>\n<meta property=\"og:image\" content=\"https:\/\/www.intelka.net\/wp-content\/uploads\/2022\/07\/laptop-gc9ddb237a_1920-1024x683.png\" \/>\n<meta name=\"twitter:card\" content=\"summary_large_image\" \/>\n<meta name=\"twitter:label1\" content=\"Szacowany czas czytania\" \/>\n\t<meta name=\"twitter:data1\" content=\"1 minuta\" \/>\n<script type=\"application\/ld+json\" class=\"yoast-schema-graph\">{\"@context\":\"https:\\\/\\\/schema.org\",\"@graph\":[{\"@type\":\"WebPage\",\"@id\":\"https:\\\/\\\/www.intelka.net\\\/contact-us\\\/\",\"url\":\"https:\\\/\\\/www.intelka.net\\\/contact-us\\\/\",\"name\":\"Contact Us - Intelka\",\"isPartOf\":{\"@id\":\"https:\\\/\\\/www.intelka.net\\\/#website\"},\"primaryImageOfPage\":{\"@id\":\"https:\\\/\\\/www.intelka.net\\\/contact-us\\\/#primaryimage\"},\"image\":{\"@id\":\"https:\\\/\\\/www.intelka.net\\\/contact-us\\\/#primaryimage\"},\"thumbnailUrl\":\"https:\\\/\\\/www.intelka.net\\\/wp-content\\\/uploads\\\/2022\\\/07\\\/laptop-gc9ddb237a_1920-1024x683.png\",\"datePublished\":\"2021-11-11T13:38:09+00:00\",\"dateModified\":\"2023-07-22T16:59:08+00:00\",\"breadcrumb\":{\"@id\":\"https:\\\/\\\/www.intelka.net\\\/contact-us\\\/#breadcrumb\"},\"inLanguage\":\"pl-PL\",\"potentialAction\":[{\"@type\":\"ReadAction\",\"target\":[\"https:\\\/\\\/www.intelka.net\\\/contact-us\\\/\"]}]},{\"@type\":\"ImageObject\",\"inLanguage\":\"pl-PL\",\"@id\":\"https:\\\/\\\/www.intelka.net\\\/contact-us\\\/#primaryimage\",\"url\":\"https:\\\/\\\/www.intelka.net\\\/wp-content\\\/uploads\\\/2022\\\/07\\\/laptop-gc9ddb237a_1920-1024x683.png\",\"contentUrl\":\"https:\\\/\\\/www.intelka.net\\\/wp-content\\\/uploads\\\/2022\\\/07\\\/laptop-gc9ddb237a_1920-1024x683.png\"},{\"@type\":\"BreadcrumbList\",\"@id\":\"https:\\\/\\\/www.intelka.net\\\/contact-us\\\/#breadcrumb\",\"itemListElement\":[{\"@type\":\"ListItem\",\"position\":1,\"name\":\"Home\",\"item\":\"https:\\\/\\\/www.intelka.net\\\/\"},{\"@type\":\"ListItem\",\"position\":2,\"name\":\"Contact Us\"}]},{\"@type\":\"WebSite\",\"@id\":\"https:\\\/\\\/www.intelka.net\\\/#website\",\"url\":\"https:\\\/\\\/www.intelka.net\\\/\",\"name\":\"Intelka\",\"description\":\"Connect Smart Way\",\"publisher\":{\"@id\":\"https:\\\/\\\/www.intelka.net\\\/#organization\"},\"potentialAction\":[{\"@type\":\"SearchAction\",\"target\":{\"@type\":\"EntryPoint\",\"urlTemplate\":\"https:\\\/\\\/www.intelka.net\\\/?s={search_term_string}\"},\"query-input\":{\"@type\":\"PropertyValueSpecification\",\"valueRequired\":true,\"valueName\":\"search_term_string\"}}],\"inLanguage\":\"pl-PL\"},{\"@type\":\"Organization\",\"@id\":\"https:\\\/\\\/www.intelka.net\\\/#organization\",\"name\":\"Intelka\",\"url\":\"https:\\\/\\\/www.intelka.net\\\/\",\"logo\":{\"@type\":\"ImageObject\",\"inLanguage\":\"pl-PL\",\"@id\":\"https:\\\/\\\/www.intelka.net\\\/#\\\/schema\\\/logo\\\/image\\\/\",\"url\":\"https:\\\/\\\/www.intelka.net\\\/wp-content\\\/uploads\\\/2022\\\/07\\\/cropped-IntelkaLogoVectorSiteIdentity200-1.png\",\"contentUrl\":\"https:\\\/\\\/www.intelka.net\\\/wp-content\\\/uploads\\\/2022\\\/07\\\/cropped-IntelkaLogoVectorSiteIdentity200-1.png\",\"width\":200,\"height\":49,\"caption\":\"Intelka\"},\"image\":{\"@id\":\"https:\\\/\\\/www.intelka.net\\\/#\\\/schema\\\/logo\\\/image\\\/\"}}]}<\/script>\n<!-- \/ Yoast SEO plugin. -->","yoast_head_json":{"title":"Contact Us - Intelka","robots":{"index":"index","follow":"follow","max-snippet":"max-snippet:-1","max-image-preview":"max-image-preview:large","max-video-preview":"max-video-preview:-1"},"canonical":"https:\/\/www.intelka.net\/pl\/contact-us\/","og_locale":"pl_PL","og_type":"article","og_title":"Contact Us - Intelka","og_description":"Contact Us We would love to answer all of your questions. Please contact us via the form below, send us an email or give us a call through the provided phone. Email","og_url":"https:\/\/www.intelka.net\/pl\/contact-us\/","og_site_name":"Intelka","article_modified_time":"2023-07-22T16:59:08+00:00","og_image":[{"url":"https:\/\/www.intelka.net\/wp-content\/uploads\/2022\/07\/laptop-gc9ddb237a_1920-1024x683.png","type":"","width":"","height":""}],"twitter_card":"summary_large_image","twitter_misc":{"Szacowany czas czytania":"1 minuta"},"schema":{"@context":"https:\/\/schema.org","@graph":[{"@type":"WebPage","@id":"https:\/\/www.intelka.net\/contact-us\/","url":"https:\/\/www.intelka.net\/contact-us\/","name":"Contact Us - Intelka","isPartOf":{"@id":"https:\/\/www.intelka.net\/#website"},"primaryImageOfPage":{"@id":"https:\/\/www.intelka.net\/contact-us\/#primaryimage"},"image":{"@id":"https:\/\/www.intelka.net\/contact-us\/#primaryimage"},"thumbnailUrl":"https:\/\/www.intelka.net\/wp-content\/uploads\/2022\/07\/laptop-gc9ddb237a_1920-1024x683.png","datePublished":"2021-11-11T13:38:09+00:00","dateModified":"2023-07-22T16:59:08+00:00","breadcrumb":{"@id":"https:\/\/www.intelka.net\/contact-us\/#breadcrumb"},"inLanguage":"pl-PL","potentialAction":[{"@type":"ReadAction","target":["https:\/\/www.intelka.net\/contact-us\/"]}]},{"@type":"ImageObject","inLanguage":"pl-PL","@id":"https:\/\/www.intelka.net\/contact-us\/#primaryimage","url":"https:\/\/www.intelka.net\/wp-content\/uploads\/2022\/07\/laptop-gc9ddb237a_1920-1024x683.png","contentUrl":"https:\/\/www.intelka.net\/wp-content\/uploads\/2022\/07\/laptop-gc9ddb237a_1920-1024x683.png"},{"@type":"BreadcrumbList","@id":"https:\/\/www.intelka.net\/contact-us\/#breadcrumb","itemListElement":[{"@type":"ListItem","position":1,"name":"Home","item":"https:\/\/www.intelka.net\/"},{"@type":"ListItem","position":2,"name":"Contact Us"}]},{"@type":"WebSite","@id":"https:\/\/www.intelka.net\/#website","url":"https:\/\/www.intelka.net\/","name":"Intelka","description":"Connect Smart Way","publisher":{"@id":"https:\/\/www.intelka.net\/#organization"},"potentialAction":[{"@type":"SearchAction","target":{"@type":"EntryPoint","urlTemplate":"https:\/\/www.intelka.net\/?s={search_term_string}"},"query-input":{"@type":"PropertyValueSpecification","valueRequired":true,"valueName":"search_term_string"}}],"inLanguage":"pl-PL"},{"@type":"Organization","@id":"https:\/\/www.intelka.net\/#organization","name":"Intelka","url":"https:\/\/www.intelka.net\/","logo":{"@type":"ImageObject","inLanguage":"pl-PL","@id":"https:\/\/www.intelka.net\/#\/schema\/logo\/image\/","url":"https:\/\/www.intelka.net\/wp-content\/uploads\/2022\/07\/cropped-IntelkaLogoVectorSiteIdentity200-1.png","contentUrl":"https:\/\/www.intelka.net\/wp-content\/uploads\/2022\/07\/cropped-IntelkaLogoVectorSiteIdentity200-1.png","width":200,"height":49,"caption":"Intelka"},"image":{"@id":"https:\/\/www.intelka.net\/#\/schema\/logo\/image\/"}}]}},"_links":{"self":[{"href":"https:\/\/www.intelka.net\/pl\/wp-json\/wp\/v2\/pages\/335","targetHints":{"allow":["GET"]}}],"collection":[{"href":"https:\/\/www.intelka.net\/pl\/wp-json\/wp\/v2\/pages"}],"about":[{"href":"https:\/\/www.intelka.net\/pl\/wp-json\/wp\/v2\/types\/page"}],"author":[{"embeddable":true,"href":"https:\/\/www.intelka.net\/pl\/wp-json\/wp\/v2\/users\/1"}],"replies":[{"embeddable":true,"href":"https:\/\/www.intelka.net\/pl\/wp-json\/wp\/v2\/comments?post=335"}],"version-history":[{"count":2,"href":"https:\/\/www.intelka.net\/pl\/wp-json\/wp\/v2\/pages\/335\/revisions"}],"predecessor-version":[{"id":2215,"href":"https:\/\/www.intelka.net\/pl\/wp-json\/wp\/v2\/pages\/335\/revisions\/2215"}],"wp:attachment":[{"href":"https:\/\/www.intelka.net\/pl\/wp-json\/wp\/v2\/media?parent=335"}],"curies":[{"name":"wp","href":"https:\/\/api.w.org\/{rel}","templated":true}]}}