
{"id":928,"date":"2022-05-10T10:04:47","date_gmt":"2022-05-10T10:04:47","guid":{"rendered":"https:\/\/www.intelka.net\/?page_id=928"},"modified":"2022-09-27T08:44:11","modified_gmt":"2022-09-27T08:44:11","slug":"install-home-assistant-on-raspberry-pi","status":"publish","type":"page","link":"https:\/\/www.intelka.net\/pl\/install-home-assistant-on-raspberry-pi\/","title":{"rendered":"Zainstaluj Home Assistant na Raspberry Pi"},"content":{"rendered":"<figure class=\"wp-embed-aspect-16-9 wp-has-aspect-ratio wp-block-embed alignwide is-type-video is-provider-youtube wp-block-embed-youtube eplus-wrapper\"><div class=\"wp-block-embed__wrapper\">\n<iframe loading=\"lazy\" title=\"Jak zainstalowa\u0107 Home Assistant na Raspberry Pi\" width=\"950\" height=\"534\" src=\"https:\/\/www.youtube.com\/embed\/BJt_NTsZQwA?feature=oembed\" frameborder=\"0\" allow=\"accelerometer; autoplay; clipboard-write; encrypted-media; gyroscope; picture-in-picture\" allowfullscreen><\/iframe>\n<\/div><\/figure>\n\n\n\n<div style=\"height:100px\" aria-hidden=\"true\" class=\"wp-block-spacer eplus-wrapper\"><\/div>\n\n\n\n<div class=\"wp-block-group eplus-wrapper is-layout-flow wp-block-group-is-layout-flow\">\n<h2 class=\"has-x-large-font-size eplus-wrapper wp-block-heading\" style=\"text-transform:capitalize\"><strong>Potrzebne materia\u0142y<\/strong><\/h2>\n\n\n\n<div class=\"wp-block-columns eplus-wrapper is-layout-flex wp-container-core-columns-is-layout-28f84493 wp-block-columns-is-layout-flex\">\n<div class=\"wp-block-column eplus-wrapper is-layout-flow wp-block-column-is-layout-flow\" style=\"flex-basis:25%\">\n<h3 class=\"eplus-wrapper wp-block-heading\">Raspberry Pi<\/h3>\n\n\n\n<ul class=\"eplus-wrapper wp-block-list\"><li>Zero W 2<\/li><li>Raspberry Pi 3<\/li><li>Raspberry Pi 4<\/li><\/ul>\n<\/div>\n\n\n\n<div class=\"wp-block-column eplus-wrapper is-layout-flow wp-block-column-is-layout-flow\" style=\"flex-basis:25%\">\n<h3 class=\"eplus-wrapper wp-block-heading\">Karta SD<\/h3>\n\n\n\n<ul class=\"eplus-wrapper wp-block-list\"><li>Rozmiar: 32 GB lub wi\u0119cej.<\/li><li>Szybko\u015b\u0107 aplikacji: A1<\/li><li>Klasa szybko\u015bci: 10<\/li><\/ul>\n<\/div>\n\n\n\n<div class=\"wp-block-column eplus-wrapper is-layout-flow wp-block-column-is-layout-flow\" style=\"flex-basis:25%\">\n<h3 class=\"eplus-wrapper wp-block-heading\">Zasilacz<\/h3>\n\n\n\n<ul class=\"eplus-wrapper wp-block-list\"><li>2,5 A dla PI Zero W 2<\/li><li>2,5 A dla Raspberry Pi 3<\/li><li>3,0 A dla Raspberry Pi 4<\/li><\/ul>\n<\/div>\n\n\n\n<div class=\"wp-block-column eplus-wrapper is-layout-flow wp-block-column-is-layout-flow\" style=\"flex-basis:25%\">\n<h3 class=\"eplus-wrapper wp-block-heading\">Komputer<\/h3>\n\n\n\n<ul class=\"eplus-wrapper wp-block-list\"><li>Windows<\/li><li>Mac<\/li><li>Linux<\/li><\/ul>\n<\/div>\n<\/div>\n<\/div>\n\n\n\n<div style=\"height:100px\" aria-hidden=\"true\" class=\"wp-block-spacer eplus-wrapper\"><\/div>\n\n\n\n<div class=\"wp-block-media-text alignwide is-stacked-on-mobile eplus-wrapper\"><figure class=\"wp-block-media-text__media\"><img loading=\"lazy\" decoding=\"async\" width=\"1024\" height=\"665\" src=\"https:\/\/www.intelka.net\/wp-content\/uploads\/2022\/07\/etcher-1-1024x665.png\" alt=\"\" class=\"wp-image-1536 size-full\" srcset=\"https:\/\/www.intelka.net\/wp-content\/uploads\/2022\/07\/etcher-1-1024x665.png 1024w, https:\/\/www.intelka.net\/wp-content\/uploads\/2022\/07\/etcher-1-300x195.png 300w, https:\/\/www.intelka.net\/wp-content\/uploads\/2022\/07\/etcher-1-768x499.png 768w, https:\/\/www.intelka.net\/wp-content\/uploads\/2022\/07\/etcher-1-1536x997.png 1536w, https:\/\/www.intelka.net\/wp-content\/uploads\/2022\/07\/etcher-1-600x389.png 600w, https:\/\/www.intelka.net\/wp-content\/uploads\/2022\/07\/etcher-1-18x12.png 18w, https:\/\/www.intelka.net\/wp-content\/uploads\/2022\/07\/etcher-1.png 1824w\" sizes=\"auto, (max-width: 1024px) 100vw, 1024px\" \/><\/figure><div class=\"wp-block-media-text__content\">\n<h2 class=\"has-text-align-left has-x-large-font-size eplus-wrapper wp-block-heading\"><strong>Zainstaluj Etchera<\/strong><\/h2>\n\n\n\n<p class=\"ep-custom-list eplus-wrapper\">Pobierz i zainstaluj Balena Etcher. <\/p>\n\n\n\n<p class=\"ep-custom-list eplus-wrapper\">* Mo\u017ce by\u0107 konieczne uruchomienie go z uprawnieniami administratora.<\/p>\n\n\n\n<div class=\"wp-block-buttons eplus-wrapper is-layout-flex wp-block-buttons-is-layout-flex\">\n<div class=\"is-style-outline wp-block-button has-custom-width wp-block-button__width-100 eplus-wrapper is-style-outline--1\"><a class=\"wp-block-button__link\" href=\"https:\/\/www.balena.io\/etcher\/\" target=\"_blank\" rel=\"noreferrer noopener\">Zdob\u0105d\u017a Etchera<\/a><\/div>\n<\/div>\n<\/div><\/div>\n\n\n\n<div style=\"height:100px\" aria-hidden=\"true\" class=\"wp-block-spacer eplus-wrapper\"><\/div>\n\n\n\n<div class=\"wp-block-media-text alignwide has-media-on-the-right is-stacked-on-mobile eplus-wrapper\"><figure class=\"wp-block-media-text__media\"><img loading=\"lazy\" decoding=\"async\" width=\"802\" height=\"519\" src=\"https:\/\/www.intelka.net\/wp-content\/uploads\/2022\/07\/etcher2.png\" alt=\"\" class=\"wp-image-1539 size-full\" srcset=\"https:\/\/www.intelka.net\/wp-content\/uploads\/2022\/07\/etcher2.png 802w, https:\/\/www.intelka.net\/wp-content\/uploads\/2022\/07\/etcher2-300x194.png 300w, https:\/\/www.intelka.net\/wp-content\/uploads\/2022\/07\/etcher2-768x497.png 768w, https:\/\/www.intelka.net\/wp-content\/uploads\/2022\/07\/etcher2-600x388.png 600w, https:\/\/www.intelka.net\/wp-content\/uploads\/2022\/07\/etcher2-800x519.png 800w, https:\/\/www.intelka.net\/wp-content\/uploads\/2022\/07\/etcher2-18x12.png 18w\" sizes=\"auto, (max-width: 802px) 100vw, 802px\" \/><\/figure><div class=\"wp-block-media-text__content\">\n<h2 class=\"has-text-align-left has-x-large-font-size eplus-wrapper wp-block-heading\"><strong>Zainstaluj Home Assistant<\/strong><\/h2>\n\n\n\n<ol id=\"block-ef0a51e5-6ece-4061-91a1-1242e339bb06\" class=\"eplus-wrapper wp-block-list\"><li>Po otwarciu Etchera wybierz \u201eFlash z adresu URL\u201d<\/li><li>Wejd\u017a na stron\u0119 Home Assistant i wybierz najnowsz\u0105 wersj\u0119 Home Assistant<\/li><li>Pod\u0142\u0105cz swoj\u0105 kart\u0119 SD<\/li><li>Kliknij \u201eWybierz cel\u201d i wybierz kart\u0119 SD<\/li><li>Kliknij \u201eFlash!\u201d przycisk, aby rozpocz\u0105\u0107 flashowanie urz\u0105dzenia.<\/li><\/ol>\n\n\n\n<div class=\"wp-block-buttons eplus-wrapper is-layout-flex wp-block-buttons-is-layout-flex\">\n<div class=\"is-style-outline wp-block-button has-custom-width wp-block-button__width-100 eplus-wrapper is-style-outline--2\"><a class=\"wp-block-button__link\" href=\"https:\/\/www.home-assistant.io\/installation\/raspberrypi#GettheURL%:~:text=SelectandcopytheURLorusethecopybuttonthatappearwhenyouhoverit.\" target=\"_blank\" rel=\"noreferrer noopener\">Zainstaluj Home Assistant<\/a><\/div>\n<\/div>\n<\/div><\/div>\n\n\n\n<div style=\"height:100px\" aria-hidden=\"true\" class=\"wp-block-spacer eplus-wrapper\"><\/div>\n\n\n\n<div class=\"wp-block-media-text alignwide is-stacked-on-mobile is-image-fill eplus-wrapper\" style=\"grid-template-columns:61% auto\"><figure class=\"wp-block-media-text__media\" style=\"background-image:url(https:\/\/www.intelka.net\/wp-content\/uploads\/2022\/07\/Create-HomeAssistant-my-network-File.webp);background-position:14.000000000000002% 32%\"><img loading=\"lazy\" decoding=\"async\" width=\"688\" height=\"429\" src=\"https:\/\/www.intelka.net\/wp-content\/uploads\/2022\/07\/Create-HomeAssistant-my-network-File.webp\" alt=\"\" class=\"wp-image-1540 size-full\" srcset=\"https:\/\/www.intelka.net\/wp-content\/uploads\/2022\/07\/Create-HomeAssistant-my-network-File.webp 688w, https:\/\/www.intelka.net\/wp-content\/uploads\/2022\/07\/Create-HomeAssistant-my-network-File-300x187.webp 300w, https:\/\/www.intelka.net\/wp-content\/uploads\/2022\/07\/Create-HomeAssistant-my-network-File-600x374.webp 600w, https:\/\/www.intelka.net\/wp-content\/uploads\/2022\/07\/Create-HomeAssistant-my-network-File-18x12.webp 18w\" sizes=\"auto, (max-width: 688px) 100vw, 688px\" \/><\/figure><div class=\"wp-block-media-text__content\">\n<h2 class=\"has-text-align-left has-x-large-font-size eplus-wrapper wp-block-heading\">Skonfiguruj po\u0142\u0105czenie Wi-Fi<\/h2>\n\n\n\n<p class=\"eplus-wrapper\">Uwaga! Zdecydowanie zalecane jest po\u0142\u0105czenie przewodowe (umie\u015b\u0107 Raspberry Pi obok routera za pomoc\u0105 kabla ethernetowego), poniewa\u017c \u0142\u0105czno\u015b\u0107 bezprzewodowa mo\u017ce nie dzia\u0142a\u0107 po aktualizacji Home Assistant. <\/p>\n\n\n\n<p class=\"eplus-wrapper\">Przejd\u017a do karty SD \u201ehassos-boot\u201d i utw\u00f3rz nast\u0119puj\u0105c\u0105 struktur\u0119 folder\u00f3w:<\/p>\n\n\n\n<ul class=\"eplus-wrapper wp-block-list\"><li>CONFIG &#8211; Folder<ul><li>network &#8211; Folder<ul><li>my-network - Plik Tekstowy<\/li><\/ul><\/li><\/ul><\/li><\/ul>\n\n\n\n<p class=\"eplus-wrapper\">* W przypadku Raspberry Pi Zero W 2 nale\u017cy wzi\u0105\u0107 pod uwag\u0119 dwie kwestie: <\/p>\n\n\n\n<ul class=\"eplus-wrapper wp-block-list\"><li>Musisz nazwa\u0107 plik \u201cwifi-network\u201d zamiast \u201cmy-network\u201d<\/li><li>Zalecamy u\u017cycie adresu URL dla 32-bitowego Raspberry Pi 3<\/li><\/ul>\n<\/div><\/div>\n\n\n\n<div style=\"height:100px\" aria-hidden=\"true\" class=\"wp-block-spacer eplus-wrapper\"><\/div>\n\n\n\n<div class=\"wp-block-media-text alignwide has-media-on-the-right is-stacked-on-mobile eplus-wrapper\" style=\"grid-template-columns:auto 60%\"><figure class=\"wp-block-media-text__media\"><img loading=\"lazy\" decoding=\"async\" width=\"683\" height=\"1024\" src=\"https:\/\/www.intelka.net\/wp-content\/uploads\/2022\/07\/Laptop-2-683x1024.png\" alt=\"\" class=\"wp-image-1560 size-full\" srcset=\"https:\/\/www.intelka.net\/wp-content\/uploads\/2022\/07\/Laptop-2-683x1024.png 683w, https:\/\/www.intelka.net\/wp-content\/uploads\/2022\/07\/Laptop-2-200x300.png 200w, https:\/\/www.intelka.net\/wp-content\/uploads\/2022\/07\/Laptop-2-768x1152.png 768w, https:\/\/www.intelka.net\/wp-content\/uploads\/2022\/07\/Laptop-2-1024x1536.png 1024w, https:\/\/www.intelka.net\/wp-content\/uploads\/2022\/07\/Laptop-2-600x900.png 600w, https:\/\/www.intelka.net\/wp-content\/uploads\/2022\/07\/Laptop-2-8x12.png 8w, https:\/\/www.intelka.net\/wp-content\/uploads\/2022\/07\/Laptop-2.png 1280w\" sizes=\"auto, (max-width: 683px) 100vw, 683px\" \/><\/figure><div class=\"wp-block-media-text__content\">\n<h2 class=\"has-x-large-font-size eplus-wrapper wp-block-heading\">Wpisz swoje dane uwierzytelniaj\u0105ce<\/h2>\n\n\n\n<p class=\"eplus-wrapper\">Otw\u00f3rz plik \u201ewifi-network\u201d za pomoc\u0105 notatnika, skopiuj poni\u017csze informacje i wklej do notatnika. Zast\u0105p WIFISSID i WIFIPASSWORD swoimi danymi logowania.<\/p>\n\n\n\n<pre class=\"wp-block-code eplus-wrapper\"><code>[connection]\nid=my-network\nuuid=\ntype=802-11-wireless\n\n[802-11-wireless]\nmode=infrastructure\nssid=\n# Uncomment below if your SSID is not broadcasted\n#hidden=true\n\n[802-11-wireless-security]\nauth-alg=open\nkey-mgmt=wpa-psk\npsk=\n\n[ipv4]\nmethod=auto\n\n[ipv6]\naddr-gen-mode=stable-privacy\nmethod=auto <\/code><\/pre>\n<\/div><\/div>\n\n\n\n<h2 class=\"has-text-align-center eplus-wrapper wp-block-heading\">Powiniene\u015b by\u0107 teraz gotowy do uruchomienia Raspberry Pi i uruchomienia oprogramowania Home Assistant.<\/h2>","protected":false},"excerpt":{"rendered":"<p>Required Materials Raspberry Pi Zero W 2 Raspberry Pi 3 Raspberry Pi 4 SD Card Size: 32 GB or more. Application Speed: A1 Speed Class: 10 Power Supply 2.5 Amp for PI Zero W 2 2.5 Amp for Raspberry Pi 3 3.0 Amp for Raspberry Pi 4 Computer Windows Mac Linux Setup WiFi Connection Beware! &hellip; <\/p>\n<p class=\"link-more\"><a href=\"https:\/\/www.intelka.net\/pl\/install-home-assistant-on-raspberry-pi\/\" class=\"more-link\">Read more<span class=\"screen-reader-text\"> &#8220;Install Home Assistant on Raspberry Pi&#8221;<\/span><\/a><\/p>","protected":false},"author":1,"featured_media":0,"parent":0,"menu_order":0,"comment_status":"closed","ping_status":"closed","template":"","meta":{"inspiro_hide_title":false,"footnotes":""},"class_list":["post-928","page","type-page","status-publish","hentry"],"yoast_head":"<!-- This site is optimized with the Yoast SEO plugin v27.3 - https:\/\/yoast.com\/product\/yoast-seo-wordpress\/ -->\n<title>Install Home Assistant on Raspberry Pi - Intelka<\/title>\n<meta name=\"robots\" content=\"index, follow, max-snippet:-1, max-image-preview:large, max-video-preview:-1\" \/>\n<link rel=\"canonical\" href=\"https:\/\/www.intelka.net\/pl\/install-home-assistant-on-raspberry-pi\/\" \/>\n<meta property=\"og:locale\" content=\"pl_PL\" \/>\n<meta property=\"og:type\" content=\"article\" \/>\n<meta property=\"og:title\" content=\"Install Home Assistant on Raspberry Pi - Intelka\" \/>\n<meta property=\"og:description\" content=\"Required Materials Raspberry Pi Zero W 2 Raspberry Pi 3 Raspberry Pi 4 SD Card Size: 32 GB or more. Application Speed: A1 Speed Class: 10 Power Supply 2.5 Amp for PI Zero W 2 2.5 Amp for Raspberry Pi 3 3.0 Amp for Raspberry Pi 4 Computer Windows Mac Linux Setup WiFi Connection Beware! &hellip; Read more &quot;Install Home Assistant on Raspberry Pi&quot;\" \/>\n<meta property=\"og:url\" content=\"https:\/\/www.intelka.net\/pl\/install-home-assistant-on-raspberry-pi\/\" \/>\n<meta property=\"og:site_name\" content=\"Intelka\" \/>\n<meta property=\"article:modified_time\" content=\"2022-09-27T08:44:11+00:00\" \/>\n<meta property=\"og:image\" content=\"https:\/\/www.intelka.net\/wp-content\/uploads\/2022\/07\/etcher-1-1024x665.png\" \/>\n<meta name=\"twitter:card\" content=\"summary_large_image\" \/>\n<meta name=\"twitter:label1\" content=\"Szacowany czas czytania\" \/>\n\t<meta name=\"twitter:data1\" content=\"3 minuty\" \/>\n<script type=\"application\/ld+json\" class=\"yoast-schema-graph\">{\"@context\":\"https:\\\/\\\/schema.org\",\"@graph\":[{\"@type\":\"WebPage\",\"@id\":\"https:\\\/\\\/www.intelka.net\\\/install-home-assistant-on-raspberry-pi\\\/\",\"url\":\"https:\\\/\\\/www.intelka.net\\\/install-home-assistant-on-raspberry-pi\\\/\",\"name\":\"Install Home Assistant on Raspberry Pi - Intelka\",\"isPartOf\":{\"@id\":\"https:\\\/\\\/www.intelka.net\\\/#website\"},\"primaryImageOfPage\":{\"@id\":\"https:\\\/\\\/www.intelka.net\\\/install-home-assistant-on-raspberry-pi\\\/#primaryimage\"},\"image\":{\"@id\":\"https:\\\/\\\/www.intelka.net\\\/install-home-assistant-on-raspberry-pi\\\/#primaryimage\"},\"thumbnailUrl\":\"https:\\\/\\\/www.intelka.net\\\/wp-content\\\/uploads\\\/2022\\\/07\\\/etcher-1-1024x665.png\",\"datePublished\":\"2022-05-10T10:04:47+00:00\",\"dateModified\":\"2022-09-27T08:44:11+00:00\",\"breadcrumb\":{\"@id\":\"https:\\\/\\\/www.intelka.net\\\/install-home-assistant-on-raspberry-pi\\\/#breadcrumb\"},\"inLanguage\":\"pl-PL\",\"potentialAction\":[{\"@type\":\"ReadAction\",\"target\":[\"https:\\\/\\\/www.intelka.net\\\/install-home-assistant-on-raspberry-pi\\\/\"]}]},{\"@type\":\"ImageObject\",\"inLanguage\":\"pl-PL\",\"@id\":\"https:\\\/\\\/www.intelka.net\\\/install-home-assistant-on-raspberry-pi\\\/#primaryimage\",\"url\":\"https:\\\/\\\/www.intelka.net\\\/wp-content\\\/uploads\\\/2022\\\/07\\\/etcher-1-1024x665.png\",\"contentUrl\":\"https:\\\/\\\/www.intelka.net\\\/wp-content\\\/uploads\\\/2022\\\/07\\\/etcher-1-1024x665.png\"},{\"@type\":\"BreadcrumbList\",\"@id\":\"https:\\\/\\\/www.intelka.net\\\/install-home-assistant-on-raspberry-pi\\\/#breadcrumb\",\"itemListElement\":[{\"@type\":\"ListItem\",\"position\":1,\"name\":\"Home\",\"item\":\"https:\\\/\\\/www.intelka.net\\\/\"},{\"@type\":\"ListItem\",\"position\":2,\"name\":\"Install Home Assistant on Raspberry Pi\"}]},{\"@type\":\"WebSite\",\"@id\":\"https:\\\/\\\/www.intelka.net\\\/#website\",\"url\":\"https:\\\/\\\/www.intelka.net\\\/\",\"name\":\"Intelka\",\"description\":\"Connect Smart Way\",\"publisher\":{\"@id\":\"https:\\\/\\\/www.intelka.net\\\/#organization\"},\"potentialAction\":[{\"@type\":\"SearchAction\",\"target\":{\"@type\":\"EntryPoint\",\"urlTemplate\":\"https:\\\/\\\/www.intelka.net\\\/?s={search_term_string}\"},\"query-input\":{\"@type\":\"PropertyValueSpecification\",\"valueRequired\":true,\"valueName\":\"search_term_string\"}}],\"inLanguage\":\"pl-PL\"},{\"@type\":\"Organization\",\"@id\":\"https:\\\/\\\/www.intelka.net\\\/#organization\",\"name\":\"Intelka\",\"url\":\"https:\\\/\\\/www.intelka.net\\\/\",\"logo\":{\"@type\":\"ImageObject\",\"inLanguage\":\"pl-PL\",\"@id\":\"https:\\\/\\\/www.intelka.net\\\/#\\\/schema\\\/logo\\\/image\\\/\",\"url\":\"https:\\\/\\\/www.intelka.net\\\/wp-content\\\/uploads\\\/2022\\\/07\\\/cropped-IntelkaLogoVectorSiteIdentity200-1.png\",\"contentUrl\":\"https:\\\/\\\/www.intelka.net\\\/wp-content\\\/uploads\\\/2022\\\/07\\\/cropped-IntelkaLogoVectorSiteIdentity200-1.png\",\"width\":200,\"height\":49,\"caption\":\"Intelka\"},\"image\":{\"@id\":\"https:\\\/\\\/www.intelka.net\\\/#\\\/schema\\\/logo\\\/image\\\/\"}}]}<\/script>\n<!-- \/ Yoast SEO plugin. -->","yoast_head_json":{"title":"Install Home Assistant on Raspberry Pi - Intelka","robots":{"index":"index","follow":"follow","max-snippet":"max-snippet:-1","max-image-preview":"max-image-preview:large","max-video-preview":"max-video-preview:-1"},"canonical":"https:\/\/www.intelka.net\/pl\/install-home-assistant-on-raspberry-pi\/","og_locale":"pl_PL","og_type":"article","og_title":"Install Home Assistant on Raspberry Pi - Intelka","og_description":"Required Materials Raspberry Pi Zero W 2 Raspberry Pi 3 Raspberry Pi 4 SD Card Size: 32 GB or more. Application Speed: A1 Speed Class: 10 Power Supply 2.5 Amp for PI Zero W 2 2.5 Amp for Raspberry Pi 3 3.0 Amp for Raspberry Pi 4 Computer Windows Mac Linux Setup WiFi Connection Beware! &hellip; Read more \"Install Home Assistant on Raspberry Pi\"","og_url":"https:\/\/www.intelka.net\/pl\/install-home-assistant-on-raspberry-pi\/","og_site_name":"Intelka","article_modified_time":"2022-09-27T08:44:11+00:00","og_image":[{"url":"https:\/\/www.intelka.net\/wp-content\/uploads\/2022\/07\/etcher-1-1024x665.png","type":"","width":"","height":""}],"twitter_card":"summary_large_image","twitter_misc":{"Szacowany czas czytania":"3 minuty"},"schema":{"@context":"https:\/\/schema.org","@graph":[{"@type":"WebPage","@id":"https:\/\/www.intelka.net\/install-home-assistant-on-raspberry-pi\/","url":"https:\/\/www.intelka.net\/install-home-assistant-on-raspberry-pi\/","name":"Install Home Assistant on Raspberry Pi - Intelka","isPartOf":{"@id":"https:\/\/www.intelka.net\/#website"},"primaryImageOfPage":{"@id":"https:\/\/www.intelka.net\/install-home-assistant-on-raspberry-pi\/#primaryimage"},"image":{"@id":"https:\/\/www.intelka.net\/install-home-assistant-on-raspberry-pi\/#primaryimage"},"thumbnailUrl":"https:\/\/www.intelka.net\/wp-content\/uploads\/2022\/07\/etcher-1-1024x665.png","datePublished":"2022-05-10T10:04:47+00:00","dateModified":"2022-09-27T08:44:11+00:00","breadcrumb":{"@id":"https:\/\/www.intelka.net\/install-home-assistant-on-raspberry-pi\/#breadcrumb"},"inLanguage":"pl-PL","potentialAction":[{"@type":"ReadAction","target":["https:\/\/www.intelka.net\/install-home-assistant-on-raspberry-pi\/"]}]},{"@type":"ImageObject","inLanguage":"pl-PL","@id":"https:\/\/www.intelka.net\/install-home-assistant-on-raspberry-pi\/#primaryimage","url":"https:\/\/www.intelka.net\/wp-content\/uploads\/2022\/07\/etcher-1-1024x665.png","contentUrl":"https:\/\/www.intelka.net\/wp-content\/uploads\/2022\/07\/etcher-1-1024x665.png"},{"@type":"BreadcrumbList","@id":"https:\/\/www.intelka.net\/install-home-assistant-on-raspberry-pi\/#breadcrumb","itemListElement":[{"@type":"ListItem","position":1,"name":"Home","item":"https:\/\/www.intelka.net\/"},{"@type":"ListItem","position":2,"name":"Install Home Assistant on Raspberry Pi"}]},{"@type":"WebSite","@id":"https:\/\/www.intelka.net\/#website","url":"https:\/\/www.intelka.net\/","name":"Intelka","description":"Connect Smart Way","publisher":{"@id":"https:\/\/www.intelka.net\/#organization"},"potentialAction":[{"@type":"SearchAction","target":{"@type":"EntryPoint","urlTemplate":"https:\/\/www.intelka.net\/?s={search_term_string}"},"query-input":{"@type":"PropertyValueSpecification","valueRequired":true,"valueName":"search_term_string"}}],"inLanguage":"pl-PL"},{"@type":"Organization","@id":"https:\/\/www.intelka.net\/#organization","name":"Intelka","url":"https:\/\/www.intelka.net\/","logo":{"@type":"ImageObject","inLanguage":"pl-PL","@id":"https:\/\/www.intelka.net\/#\/schema\/logo\/image\/","url":"https:\/\/www.intelka.net\/wp-content\/uploads\/2022\/07\/cropped-IntelkaLogoVectorSiteIdentity200-1.png","contentUrl":"https:\/\/www.intelka.net\/wp-content\/uploads\/2022\/07\/cropped-IntelkaLogoVectorSiteIdentity200-1.png","width":200,"height":49,"caption":"Intelka"},"image":{"@id":"https:\/\/www.intelka.net\/#\/schema\/logo\/image\/"}}]}},"_links":{"self":[{"href":"https:\/\/www.intelka.net\/pl\/wp-json\/wp\/v2\/pages\/928","targetHints":{"allow":["GET"]}}],"collection":[{"href":"https:\/\/www.intelka.net\/pl\/wp-json\/wp\/v2\/pages"}],"about":[{"href":"https:\/\/www.intelka.net\/pl\/wp-json\/wp\/v2\/types\/page"}],"author":[{"embeddable":true,"href":"https:\/\/www.intelka.net\/pl\/wp-json\/wp\/v2\/users\/1"}],"replies":[{"embeddable":true,"href":"https:\/\/www.intelka.net\/pl\/wp-json\/wp\/v2\/comments?post=928"}],"version-history":[{"count":0,"href":"https:\/\/www.intelka.net\/pl\/wp-json\/wp\/v2\/pages\/928\/revisions"}],"wp:attachment":[{"href":"https:\/\/www.intelka.net\/pl\/wp-json\/wp\/v2\/media?parent=928"}],"curies":[{"name":"wp","href":"https:\/\/api.w.org\/{rel}","templated":true}]}}