
{"id":1980,"date":"2023-02-13T09:47:07","date_gmt":"2023-02-13T08:47:07","guid":{"rendered":"https:\/\/www.intelka.net\/?post_type=product&#038;p=1980"},"modified":"2026-03-16T07:41:29","modified_gmt":"2026-03-16T06:41:29","slug":"wifi-mqtt-smart-wall-switch-2-gang-neutral-required","status":"publish","type":"product","link":"https:\/\/www.intelka.net\/pl\/produkt\/wifi-mqtt-smart-wall-switch-2-gang-neutral-required\/","title":{"rendered":"WiFi MQTT Prze\u0142\u0105cznik \u015bcienny 2 (Przew\u00f3d neutralny wymagany)"},"content":{"rendered":"<p>Prosty i nowoczesny projekt, kt\u00f3ry pasuje do ka\u017cdego stylu pomieszczenia. Pozwala na zarz\u0105dzanie o\u015bwietleniem w wygodny spos\u00f3b.<\/p>\n<ul>\n<li>Sterowanie za pomoc\u0105 aplikacji Home Assistant. Mo\u017cesz j\u0105 zainstalowa\u0107 na swoim telefonie lub tablecie (IOS\/Android), Ty decydujesz czy chcesz pozosta\u0107 prywatnie.<\/li>\n<li>Korzystaj\u0105c z Home Assistant, korzystaj ze wsparcia Apple Homekit, Asystenta Google i asystenta g\u0142osowego Alexa, jednak wszystko zale\u017cy od Ciebie, czy chcesz si\u0119 po\u0142\u0105czy\u0107 za ich po\u015brednictwem, czy nie.<\/li>\n<li>Aplikacja umo\u017cliwia skonfigurowanie automatycznych dzia\u0142a\u0144 wed\u0142ug czasu i\/lub odczyt\u00f3w czujnik\u00f3w, aby w\u0142\u0105czy\u0107\/wy\u0142\u0105czy\u0107 \u015bwiat\u0142a.<\/li>\n<li>Przejmij kontrol\u0119 nad o\u015bwietleniem w domu i wsz\u0119dzie, w zale\u017cno\u015bci od preferencji.<\/li>\n<li>Komunikacja z przyciskiem odbywa si\u0119 lokalnie. Oznacza to pe\u0142n\u0105 prywatno\u015b\u0107 i zabezpieczenie Twoich danych. Nie musisz si\u0119 pod\u0142\u0105cza\u0107 do chmury - bez wykonania rejestracji i bez u\u017cycia internetu.<\/li>\n<li>Instant feedback as communication takes places locally.<\/li>\n<li>Physical feedback when pressed, be sure you flicked the switch every time.<\/li>\n<\/ul>\n<p>*Aby korzysta\u0107 z Inteligentnego Prze\u0142\u0105cznika \u015aciennego, potrzebujesz komputera z uruchomionym brokerem MQTT. Mo\u017ce to by\u0107 aplikacja Home Assistant, NodeRed lub dowolne oprogramowanie MQTT, kt\u00f3re Ci si\u0119 podoba.<br \/>\nFor details check our <a href=\"https:\/\/www.intelka.net\/pl\/installation\/\">stronie instalacji<\/a>.<\/p>\n<h2>Test fit!<\/h2>\n<p>With help of a 3D printer you can print the test fit file available at our GitHub Repo: <a href=\"http:\/\/GitHub\">https:\/\/github.com\/intelka-net\/sw-01<\/a>. Just download the STL file and print!<\/p>\n<h2>Try our software!<\/h2>\n<p>Our custom software runs on the ESP8266 check our guide available at our GitHub Repo: <a href=\"http:\/\/GitHub\">https:\/\/github.com\/intelka-net\/sw-01<\/a>. Just download the bin file and flash!<\/p>\n<h2><strong>Specyfikacja techniczna:<\/strong><\/h2>\n<ul>\n<li>Cz\u0119stotliwo\u015b\u0107: Wi-Fi 2,4 GHz<\/li>\n<li>Protok\u00f3\u0142 komunikacyjny: MQTT<\/li>\n<li>Napi\u0119cie: 85 \u2013 250 V AC, 50\/60 Hz<\/li>\n<li>Maks. obci\u0105\u017cenie: 5 A<\/li>\n<li>Pob\u00f3r mocy: 0,2 W<\/li>\n<li>Wymiary: 82,5 mm (Szeroko\u015b\u0107) 82,5 mm (Wysoko\u015b\u0107) 43,5 mm (G\u0142\u0119boko\u015b\u0107)<\/li>\n<li>Waga: 114 g<\/li>\n<li>Temperatura pracy: 0\u00b0C ~ 40\u00b0C<\/li>\n<li>Wilgotno\u015b\u0107 pracy: 20% ~ 85% (BK)<\/li>\n<li>Temperatura przechowywania: 0\u00b0C ~ 60\u00b0C<\/li>\n<li>Wilgotno\u015b\u0107 przechowywania: 0% ~ 90% (BK)<\/li>\n<li>Materia\u0142 : PETg<\/li>\n<li>Obudowa: Druk 3D FDM<\/li>\n<\/ul>","protected":false},"excerpt":{"rendered":"<ul>\n<li>Dwa interaktywne przyciski, ka\u017cdy ze wska\u017anikiem \u015bwietlnym LED<\/li>\n<li>Najlepiej wsp\u00f3\u0142pracuje z Home Assistant<\/li>\n<li>Komunikacja przez sie\u0107 domow\u0105 lub chmur\u0119.<\/li>\n<li>Eleganckie i nowoczesne wzornictwo<\/li>\n<\/ul>","protected":false},"featured_media":1985,"comment_status":"open","ping_status":"closed","template":"","meta":[],"product_brand":[],"product_cat":[20],"product_tag":[],"class_list":{"0":"post-1980","1":"product","2":"type-product","3":"status-publish","4":"has-post-thumbnail","6":"product_cat-lights","8":"first","9":"instock","10":"taxable","11":"shipping-taxable","12":"purchasable","13":"product-type-simple"},"yoast_head":"<!-- This site is optimized with the Yoast SEO plugin v27.3 - https:\/\/yoast.com\/product\/yoast-seo-wordpress\/ -->\n<title>WiFi MQTT Smart Wall Switch 2 Gang (Neutral Required) - Intelka<\/title>\n<meta name=\"description\" content=\"Make your life easier by automatizing your house with the WiFi MQTT compatible Smart Wall Switch and control your house with your voice using Home Assistant\" \/>\n<meta name=\"robots\" content=\"index, follow, max-snippet:-1, max-image-preview:large, max-video-preview:-1\" \/>\n<link rel=\"canonical\" href=\"https:\/\/www.intelka.net\/pl\/produkt\/wifi-mqtt-smart-wall-switch-2-gang-neutral-required\/\" \/>\n<meta property=\"og:locale\" content=\"pl_PL\" \/>\n<meta property=\"og:type\" content=\"article\" \/>\n<meta property=\"og:title\" content=\"WiFi MQTT Smart Wall Switch 2 Gang (Neutral Required) - Intelka\" \/>\n<meta property=\"og:description\" content=\"Make your life easier by automatizing your house with the WiFi MQTT compatible Smart Wall Switch and control your house with your voice using Home Assistant\" \/>\n<meta property=\"og:url\" content=\"https:\/\/www.intelka.net\/pl\/produkt\/wifi-mqtt-smart-wall-switch-2-gang-neutral-required\/\" \/>\n<meta property=\"og:site_name\" content=\"Intelka\" \/>\n<meta property=\"article:modified_time\" content=\"2026-03-16T06:41:29+00:00\" \/>\n<meta property=\"og:image\" content=\"https:\/\/www.intelka.net\/wp-content\/uploads\/2023\/02\/SmartSW2NoBg-1.jpg\" \/>\n\t<meta property=\"og:image:width\" content=\"1080\" \/>\n\t<meta property=\"og:image:height\" content=\"1080\" \/>\n\t<meta property=\"og:image:type\" content=\"image\/jpeg\" \/>\n<meta name=\"twitter:card\" content=\"summary_large_image\" \/>\n<meta name=\"twitter:label1\" content=\"Szacowany czas czytania\" \/>\n\t<meta name=\"twitter:data1\" content=\"2 minuty\" \/>\n<script type=\"application\/ld+json\" class=\"yoast-schema-graph\">{\"@context\":\"https:\\\/\\\/schema.org\",\"@graph\":[{\"@type\":\"WebPage\",\"@id\":\"https:\\\/\\\/www.intelka.net\\\/product\\\/wifi-mqtt-smart-wall-switch-2-gang-neutral-required\\\/\",\"url\":\"https:\\\/\\\/www.intelka.net\\\/product\\\/wifi-mqtt-smart-wall-switch-2-gang-neutral-required\\\/\",\"name\":\"WiFi MQTT Smart Wall Switch 2 Gang (Neutral Required) - Intelka\",\"isPartOf\":{\"@id\":\"https:\\\/\\\/www.intelka.net\\\/#website\"},\"primaryImageOfPage\":{\"@id\":\"https:\\\/\\\/www.intelka.net\\\/product\\\/wifi-mqtt-smart-wall-switch-2-gang-neutral-required\\\/#primaryimage\"},\"image\":{\"@id\":\"https:\\\/\\\/www.intelka.net\\\/product\\\/wifi-mqtt-smart-wall-switch-2-gang-neutral-required\\\/#primaryimage\"},\"thumbnailUrl\":\"https:\\\/\\\/www.intelka.net\\\/wp-content\\\/uploads\\\/2023\\\/02\\\/SmartSW2NoBg-1.jpg\",\"datePublished\":\"2023-02-13T08:47:07+00:00\",\"dateModified\":\"2026-03-16T06:41:29+00:00\",\"description\":\"Make your life easier by automatizing your house with the WiFi MQTT compatible Smart Wall Switch and control your house with your voice using Home Assistant\",\"breadcrumb\":{\"@id\":\"https:\\\/\\\/www.intelka.net\\\/product\\\/wifi-mqtt-smart-wall-switch-2-gang-neutral-required\\\/#breadcrumb\"},\"inLanguage\":\"pl-PL\",\"potentialAction\":[{\"@type\":\"ReadAction\",\"target\":[\"https:\\\/\\\/www.intelka.net\\\/product\\\/wifi-mqtt-smart-wall-switch-2-gang-neutral-required\\\/\"]}]},{\"@type\":\"ImageObject\",\"inLanguage\":\"pl-PL\",\"@id\":\"https:\\\/\\\/www.intelka.net\\\/product\\\/wifi-mqtt-smart-wall-switch-2-gang-neutral-required\\\/#primaryimage\",\"url\":\"https:\\\/\\\/www.intelka.net\\\/wp-content\\\/uploads\\\/2023\\\/02\\\/SmartSW2NoBg-1.jpg\",\"contentUrl\":\"https:\\\/\\\/www.intelka.net\\\/wp-content\\\/uploads\\\/2023\\\/02\\\/SmartSW2NoBg-1.jpg\",\"width\":1080,\"height\":1080},{\"@type\":\"BreadcrumbList\",\"@id\":\"https:\\\/\\\/www.intelka.net\\\/product\\\/wifi-mqtt-smart-wall-switch-2-gang-neutral-required\\\/#breadcrumb\",\"itemListElement\":[{\"@type\":\"ListItem\",\"position\":1,\"name\":\"Home\",\"item\":\"https:\\\/\\\/www.intelka.net\\\/\"},{\"@type\":\"ListItem\",\"position\":2,\"name\":\"Shop\",\"item\":\"https:\\\/\\\/www.intelka.net\\\/shop\\\/\"},{\"@type\":\"ListItem\",\"position\":3,\"name\":\"WiFi MQTT Smart Wall Switch 2 Gang (Neutral Required)\"}]},{\"@type\":\"WebSite\",\"@id\":\"https:\\\/\\\/www.intelka.net\\\/#website\",\"url\":\"https:\\\/\\\/www.intelka.net\\\/\",\"name\":\"Intelka\",\"description\":\"Connect Smart Way\",\"publisher\":{\"@id\":\"https:\\\/\\\/www.intelka.net\\\/#organization\"},\"potentialAction\":[{\"@type\":\"SearchAction\",\"target\":{\"@type\":\"EntryPoint\",\"urlTemplate\":\"https:\\\/\\\/www.intelka.net\\\/?s={search_term_string}\"},\"query-input\":{\"@type\":\"PropertyValueSpecification\",\"valueRequired\":true,\"valueName\":\"search_term_string\"}}],\"inLanguage\":\"pl-PL\"},{\"@type\":\"Organization\",\"@id\":\"https:\\\/\\\/www.intelka.net\\\/#organization\",\"name\":\"Intelka\",\"url\":\"https:\\\/\\\/www.intelka.net\\\/\",\"logo\":{\"@type\":\"ImageObject\",\"inLanguage\":\"pl-PL\",\"@id\":\"https:\\\/\\\/www.intelka.net\\\/#\\\/schema\\\/logo\\\/image\\\/\",\"url\":\"https:\\\/\\\/www.intelka.net\\\/wp-content\\\/uploads\\\/2022\\\/07\\\/cropped-IntelkaLogoVectorSiteIdentity200-1.png\",\"contentUrl\":\"https:\\\/\\\/www.intelka.net\\\/wp-content\\\/uploads\\\/2022\\\/07\\\/cropped-IntelkaLogoVectorSiteIdentity200-1.png\",\"width\":200,\"height\":49,\"caption\":\"Intelka\"},\"image\":{\"@id\":\"https:\\\/\\\/www.intelka.net\\\/#\\\/schema\\\/logo\\\/image\\\/\"}}]}<\/script>\n<!-- \/ Yoast SEO plugin. -->","yoast_head_json":{"title":"WiFi MQTT Smart Wall Switch 2 Gang (Neutral Required) - Intelka","description":"Make your life easier by automatizing your house with the WiFi MQTT compatible Smart Wall Switch and control your house with your voice using Home Assistant","robots":{"index":"index","follow":"follow","max-snippet":"max-snippet:-1","max-image-preview":"max-image-preview:large","max-video-preview":"max-video-preview:-1"},"canonical":"https:\/\/www.intelka.net\/pl\/produkt\/wifi-mqtt-smart-wall-switch-2-gang-neutral-required\/","og_locale":"pl_PL","og_type":"article","og_title":"WiFi MQTT Smart Wall Switch 2 Gang (Neutral Required) - Intelka","og_description":"Make your life easier by automatizing your house with the WiFi MQTT compatible Smart Wall Switch and control your house with your voice using Home Assistant","og_url":"https:\/\/www.intelka.net\/pl\/produkt\/wifi-mqtt-smart-wall-switch-2-gang-neutral-required\/","og_site_name":"Intelka","article_modified_time":"2026-03-16T06:41:29+00:00","og_image":[{"width":1080,"height":1080,"url":"https:\/\/www.intelka.net\/wp-content\/uploads\/2023\/02\/SmartSW2NoBg-1.jpg","type":"image\/jpeg"}],"twitter_card":"summary_large_image","twitter_misc":{"Szacowany czas czytania":"2 minuty"},"schema":{"@context":"https:\/\/schema.org","@graph":[{"@type":"WebPage","@id":"https:\/\/www.intelka.net\/product\/wifi-mqtt-smart-wall-switch-2-gang-neutral-required\/","url":"https:\/\/www.intelka.net\/product\/wifi-mqtt-smart-wall-switch-2-gang-neutral-required\/","name":"WiFi MQTT Smart Wall Switch 2 Gang (Neutral Required) - Intelka","isPartOf":{"@id":"https:\/\/www.intelka.net\/#website"},"primaryImageOfPage":{"@id":"https:\/\/www.intelka.net\/product\/wifi-mqtt-smart-wall-switch-2-gang-neutral-required\/#primaryimage"},"image":{"@id":"https:\/\/www.intelka.net\/product\/wifi-mqtt-smart-wall-switch-2-gang-neutral-required\/#primaryimage"},"thumbnailUrl":"https:\/\/www.intelka.net\/wp-content\/uploads\/2023\/02\/SmartSW2NoBg-1.jpg","datePublished":"2023-02-13T08:47:07+00:00","dateModified":"2026-03-16T06:41:29+00:00","description":"Make your life easier by automatizing your house with the WiFi MQTT compatible Smart Wall Switch and control your house with your voice using Home Assistant","breadcrumb":{"@id":"https:\/\/www.intelka.net\/product\/wifi-mqtt-smart-wall-switch-2-gang-neutral-required\/#breadcrumb"},"inLanguage":"pl-PL","potentialAction":[{"@type":"ReadAction","target":["https:\/\/www.intelka.net\/product\/wifi-mqtt-smart-wall-switch-2-gang-neutral-required\/"]}]},{"@type":"ImageObject","inLanguage":"pl-PL","@id":"https:\/\/www.intelka.net\/product\/wifi-mqtt-smart-wall-switch-2-gang-neutral-required\/#primaryimage","url":"https:\/\/www.intelka.net\/wp-content\/uploads\/2023\/02\/SmartSW2NoBg-1.jpg","contentUrl":"https:\/\/www.intelka.net\/wp-content\/uploads\/2023\/02\/SmartSW2NoBg-1.jpg","width":1080,"height":1080},{"@type":"BreadcrumbList","@id":"https:\/\/www.intelka.net\/product\/wifi-mqtt-smart-wall-switch-2-gang-neutral-required\/#breadcrumb","itemListElement":[{"@type":"ListItem","position":1,"name":"Home","item":"https:\/\/www.intelka.net\/"},{"@type":"ListItem","position":2,"name":"Shop","item":"https:\/\/www.intelka.net\/shop\/"},{"@type":"ListItem","position":3,"name":"WiFi MQTT Smart Wall Switch 2 Gang (Neutral Required)"}]},{"@type":"WebSite","@id":"https:\/\/www.intelka.net\/#website","url":"https:\/\/www.intelka.net\/","name":"Intelka","description":"Connect Smart Way","publisher":{"@id":"https:\/\/www.intelka.net\/#organization"},"potentialAction":[{"@type":"SearchAction","target":{"@type":"EntryPoint","urlTemplate":"https:\/\/www.intelka.net\/?s={search_term_string}"},"query-input":{"@type":"PropertyValueSpecification","valueRequired":true,"valueName":"search_term_string"}}],"inLanguage":"pl-PL"},{"@type":"Organization","@id":"https:\/\/www.intelka.net\/#organization","name":"Intelka","url":"https:\/\/www.intelka.net\/","logo":{"@type":"ImageObject","inLanguage":"pl-PL","@id":"https:\/\/www.intelka.net\/#\/schema\/logo\/image\/","url":"https:\/\/www.intelka.net\/wp-content\/uploads\/2022\/07\/cropped-IntelkaLogoVectorSiteIdentity200-1.png","contentUrl":"https:\/\/www.intelka.net\/wp-content\/uploads\/2022\/07\/cropped-IntelkaLogoVectorSiteIdentity200-1.png","width":200,"height":49,"caption":"Intelka"},"image":{"@id":"https:\/\/www.intelka.net\/#\/schema\/logo\/image\/"}}]}},"_links":{"self":[{"href":"https:\/\/www.intelka.net\/pl\/wp-json\/wp\/v2\/product\/1980","targetHints":{"allow":["GET"]}}],"collection":[{"href":"https:\/\/www.intelka.net\/pl\/wp-json\/wp\/v2\/product"}],"about":[{"href":"https:\/\/www.intelka.net\/pl\/wp-json\/wp\/v2\/types\/product"}],"replies":[{"embeddable":true,"href":"https:\/\/www.intelka.net\/pl\/wp-json\/wp\/v2\/comments?post=1980"}],"wp:featuredmedia":[{"embeddable":true,"href":"https:\/\/www.intelka.net\/pl\/wp-json\/wp\/v2\/media\/1985"}],"wp:attachment":[{"href":"https:\/\/www.intelka.net\/pl\/wp-json\/wp\/v2\/media?parent=1980"}],"wp:term":[{"taxonomy":"product_brand","embeddable":true,"href":"https:\/\/www.intelka.net\/pl\/wp-json\/wp\/v2\/product_brand?post=1980"},{"taxonomy":"product_cat","embeddable":true,"href":"https:\/\/www.intelka.net\/pl\/wp-json\/wp\/v2\/product_cat?post=1980"},{"taxonomy":"product_tag","embeddable":true,"href":"https:\/\/www.intelka.net\/pl\/wp-json\/wp\/v2\/product_tag?post=1980"}],"curies":[{"name":"wp","href":"https:\/\/api.w.org\/{rel}","templated":true}]}}